{"id":3249,"date":"2022-03-31T22:43:42","date_gmt":"2022-03-31T21:45:01","guid":{"rendered":"https:\/\/cd-e.com\/?post_type=product&#038;p=3249"},"modified":"2024-03-15T08:43:27","modified_gmt":"2024-03-15T07:43:27","slug":"teechart-vcl-fmx","status":"publish","type":"product","link":"https:\/\/cd-e.com\/nl\/product\/teechart-vcl-fmx\/","title":{"rendered":"TeeChart VCL\/FMX"},"content":{"rendered":"<p><strong>E\u00e9n platformonafhankelijke bron<\/strong><\/p>\n<p><em>Target Windows, Web en mobiel<\/em><\/p>\n<p>Cre\u00eber \u00e9\u00e9n multi-platform project met behulp van Embarcadero\u2019s RAD Studio. Door dezelfde grafiekcomponent te gebruiken, bereikt u Windows, Linux, iOS, Android en MacOS. Ontwerp daarnaast de formulieren in de IDE en bouw of voer ze uit naar een van de platforms op de lijst. U kunt TeeChart VCL\/FMX (alleen broncodeversie) ook gebruiken met FMXLinux om grafiekapplicaties te porten of bouwen naar\/voor Linux met Embarcadero Delphi 10.2 Tokyo en hoger.<\/p>\n<p><strong>Responsieve grafieken<\/strong><\/p>\n<p><em>Lever eenvoudig dashboards aan meerdere apparaten en meerdere platforms met FireMonkey<\/em><\/p>\n<p>TeeChart VCL\/FMX schaalt en past zich aan elke schermgrootte aan. Als u dashboards maakt, kunt u meerdere aanpasbare grafieken op elk dashboardpaneel plaatsen. Het FireMonkey-framework kan de meeste variaties voor de verschillende platforms aan.<\/p>\n<p><strong>Grafieken voor elke branche<\/strong><\/p>\n<p><em>Zakelijke, financi\u00eble en wetenschappelijke gegevens<\/em><\/p>\n<p>De VCL-component biedt een enorm scala aan grafieken om uw gegevens op de meest effectieve en beheersbare manier weer te geven. U kiest uit meer dan 60 grafiektypen met 2D- en 3D-weergaven. Deze vari\u00ebren van gewone staaf-, lijn- en vlakgrafieken tot financi\u00eble en statistische grafieken.<\/p>\n<p><strong>Eenvoudig aan te passen meters<\/strong><\/p>\n<p><em>Interactieve meterindicatoren inclusief ronde, lineaire en digitale meters<\/em><\/p>\n<p>De component Grafiek biedt veel typen meterreeksen en indicatoren om digitale dashboards te maken met visuele effecten zoals schaduwen, verlichting, enz.<\/p>\n<p><strong>Dashboard en rapportage<\/strong><\/p>\n<p><em>Bouw informatieve dashboards met de tools voor gegevensvisualisatie<\/em><\/p>\n<p>Dit Delphi FireMonkey-project biedt een dashboardrapport met grafieken, raster en kaart. Het gebruikt verschillende TeeChart-functies om te communiceren tussen de verschillende grafieken en rasters, evenals enkele grafiekhulpmiddelen. Het dashboard vertegenwoordigt de verkoopactiviteiten van een bedrijf met producten in verschillende markten over de hele wereld.<\/p>\n<p><strong>Functievergelijking<\/strong><\/p>\n<p>Raadpleeg de onderstaande tabel om te zien welke functies worden ondersteund door de verschillende TeeChart VCL\/FMX-versies.<\/p>\n<p>&nbsp;<\/p>\n<p><img loading=\"lazy\" decoding=\"async\" class=\"alignnone size-full wp-image-3211\" src=\"https:\/\/cd-e.com\/assets\/uploads\/compare-1.png\" alt=\"\" width=\"964\" height=\"4877\" srcset=\"https:\/\/cd-e.com\/assets\/uploads\/compare-1.png 964w, https:\/\/cd-e.com\/assets\/uploads\/compare-1-480x2428.png 480w\" sizes=\"(min-width: 0px) and (max-width: 480px) 480px, (min-width: 481px) 964px, 100vw\" \/><\/p>\n<p>&nbsp;<\/p>\n<h3>Bestel uw software of bel ons voor advies op maat<\/h3>\n<p>Voor het aanschaffen van een <a href=\"https:\/\/cd-e.com\/nl\/product-categorie\/development-nl\/\">ontwikkelsoftware<\/a> als TeeChart Pro VCL\/FMX helpen onze medewerkers u graag. Bij ons krijgt u service op maat. We denken als <a href=\"https:\/\/cd-e.com\/nl\/\">softwareleverancier<\/a> graag mee, zodat uw softwaretoepassing precies bij u past. Bovendien verwerken wij uw order zo snel mogelijk, zodat u geen lange wachttijden ervaart, ook wanneer u <a href=\"https:\/\/cd-e.com\/nl\/product-categorie\/cad-nl\/\">CAD-software<\/a> aanschaft. Bestel nu online uw nieuwe <a href=\"https:\/\/cd-e.com\/nl\/teechart-steema\/\">TeeChart software<\/a> of bel ons voor advies op <a href=\"tel:0031204535357\">+31 20 4535357<\/a>.<\/p>\n","protected":false},"excerpt":{"rendered":"<p><strong>Grafieken components voor RAD Studio, Delphi, C++ Builder, FireMonkey<\/strong><\/p>\n<p>TeeChart VCL\/FMX Pro charting component library biedt honderden grafiekstijlen in 2D en 3D. Deze kunt u gebruiken voor gegevensvisualisatie en 56 wiskundige, statistische en financi\u00eble functies. Daarnaast biedt TeeChart VCL\/FMX toegang tot een onbeperkt aantal assen en 30 paletcomponenten.<\/p>\n","protected":false},"featured_media":3195,"comment_status":"closed","ping_status":"closed","template":"","meta":{"_et_pb_use_builder":"","_et_pb_old_content":"","_et_gb_content_width":""},"product_cat":[232],"product_tag":[],"class_list":{"0":"post-3249","1":"product","2":"type-product","3":"status-publish","4":"has-post-thumbnail","6":"product_cat-development-nl","7":"pa_license-type-pro-developer-licentie-met-source-code","8":"pa_license-type-pro-developer-licentie-zonder-source-code","9":"pa_license-type-standard-developer-licentie-met-source-code","10":"pa_license-type-standard-developer-licentie-zonder-source-code","11":"pa_number-of-users-1-nl","12":"pa_number-of-users-134","13":"pa_number-of-users-5-nl","15":"first","16":"instock","17":"taxable","18":"shipping-taxable","19":"purchasable","20":"product-type-variable"},"yoast_head":"<!-- This site is optimized with the Yoast SEO plugin v24.4 - https:\/\/yoast.com\/wordpress\/plugins\/seo\/ -->\n<title>TeeChart VCL\/FMX - CD &amp; E Distribution<\/title>\n<meta name=\"description\" content=\"De TeeChart Pro VCL\/FMX met broncode is zeer geschikt als u voor uw werk of persoonlijk veel met grafische toepassingen bezig bent. Vraag om advies.\" \/>\n<meta name=\"robots\" content=\"index, follow, max-snippet:-1, max-image-preview:large, max-video-preview:-1\" \/>\n<link rel=\"canonical\" href=\"https:\/\/cd-e.com\/nl\/product\/teechart-vcl-fmx\/\" \/>\n<meta property=\"og:locale\" content=\"nl_NL\" \/>\n<meta property=\"og:type\" content=\"article\" \/>\n<meta property=\"og:title\" content=\"TeeChart VCL\/FMX - CD &amp; E Distribution\" \/>\n<meta property=\"og:description\" content=\"De TeeChart Pro VCL\/FMX met broncode is zeer geschikt als u voor uw werk of persoonlijk veel met grafische toepassingen bezig bent. Vraag om advies.\" \/>\n<meta property=\"og:url\" content=\"https:\/\/cd-e.com\/nl\/product\/teechart-vcl-fmx\/\" \/>\n<meta property=\"og:site_name\" content=\"CD &amp; E Distribution\" \/>\n<meta property=\"article:modified_time\" content=\"2024-03-15T07:43:27+00:00\" \/>\n<meta property=\"og:image\" content=\"https:\/\/cd-e.com\/assets\/uploads\/teechart_vcl-box.png\" \/>\n\t<meta property=\"og:image:width\" content=\"300\" \/>\n\t<meta property=\"og:image:height\" content=\"300\" \/>\n\t<meta property=\"og:image:type\" content=\"image\/png\" \/>\n<meta name=\"twitter:card\" content=\"summary_large_image\" \/>\n<meta name=\"twitter:label1\" content=\"Geschatte leestijd\" \/>\n\t<meta name=\"twitter:data1\" content=\"3 minuten\" \/>\n<script type=\"application\/ld+json\" class=\"yoast-schema-graph\">{\"@context\":\"https:\/\/schema.org\",\"@graph\":[{\"@type\":\"WebPage\",\"@id\":\"https:\/\/cd-e.com\/nl\/product\/teechart-vcl-fmx\/\",\"url\":\"https:\/\/cd-e.com\/nl\/product\/teechart-vcl-fmx\/\",\"name\":\"TeeChart VCL\/FMX - CD &amp; E Distribution\",\"isPartOf\":{\"@id\":\"https:\/\/cd-e.com\/nl\/#website\"},\"primaryImageOfPage\":{\"@id\":\"https:\/\/cd-e.com\/nl\/product\/teechart-vcl-fmx\/#primaryimage\"},\"image\":{\"@id\":\"https:\/\/cd-e.com\/nl\/product\/teechart-vcl-fmx\/#primaryimage\"},\"thumbnailUrl\":\"https:\/\/cd-e.com\/assets\/uploads\/teechart_vcl-box.png\",\"datePublished\":\"2022-03-31T21:45:01+00:00\",\"dateModified\":\"2024-03-15T07:43:27+00:00\",\"description\":\"De TeeChart Pro VCL\/FMX met broncode is zeer geschikt als u voor uw werk of persoonlijk veel met grafische toepassingen bezig bent. Vraag om advies.\",\"breadcrumb\":{\"@id\":\"https:\/\/cd-e.com\/nl\/product\/teechart-vcl-fmx\/#breadcrumb\"},\"inLanguage\":\"nl-NL\",\"potentialAction\":[{\"@type\":\"ReadAction\",\"target\":[\"https:\/\/cd-e.com\/nl\/product\/teechart-vcl-fmx\/\"]}]},{\"@type\":\"ImageObject\",\"inLanguage\":\"nl-NL\",\"@id\":\"https:\/\/cd-e.com\/nl\/product\/teechart-vcl-fmx\/#primaryimage\",\"url\":\"https:\/\/cd-e.com\/assets\/uploads\/teechart_vcl-box.png\",\"contentUrl\":\"https:\/\/cd-e.com\/assets\/uploads\/teechart_vcl-box.png\",\"width\":300,\"height\":300},{\"@type\":\"BreadcrumbList\",\"@id\":\"https:\/\/cd-e.com\/nl\/product\/teechart-vcl-fmx\/#breadcrumb\",\"itemListElement\":[{\"@type\":\"ListItem\",\"position\":1,\"name\":\"Home\",\"item\":\"https:\/\/cd-e.com\/nl\/\"},{\"@type\":\"ListItem\",\"position\":2,\"name\":\"Winkel\",\"item\":\"https:\/\/cd-e.com\/nl\/winkel\/\"},{\"@type\":\"ListItem\",\"position\":3,\"name\":\"TeeChart VCL\/FMX\"}]},{\"@type\":\"WebSite\",\"@id\":\"https:\/\/cd-e.com\/nl\/#website\",\"url\":\"https:\/\/cd-e.com\/nl\/\",\"name\":\"CD &amp; E Distribution\",\"description\":\"\",\"publisher\":{\"@id\":\"https:\/\/cd-e.com\/nl\/#organization\"},\"potentialAction\":[{\"@type\":\"SearchAction\",\"target\":{\"@type\":\"EntryPoint\",\"urlTemplate\":\"https:\/\/cd-e.com\/nl\/?s={search_term_string}\"},\"query-input\":{\"@type\":\"PropertyValueSpecification\",\"valueRequired\":true,\"valueName\":\"search_term_string\"}}],\"inLanguage\":\"nl-NL\"},{\"@type\":\"Organization\",\"@id\":\"https:\/\/cd-e.com\/nl\/#organization\",\"name\":\"CD & E Distribution\",\"url\":\"https:\/\/cd-e.com\/nl\/\",\"logo\":{\"@type\":\"ImageObject\",\"inLanguage\":\"nl-NL\",\"@id\":\"https:\/\/cd-e.com\/nl\/#\/schema\/logo\/image\/\",\"url\":\"https:\/\/cd-e.com\/assets\/uploads\/Logo_CDE_wit.png\",\"contentUrl\":\"https:\/\/cd-e.com\/assets\/uploads\/Logo_CDE_wit.png\",\"width\":209,\"height\":65,\"caption\":\"CD & E Distribution\"},\"image\":{\"@id\":\"https:\/\/cd-e.com\/nl\/#\/schema\/logo\/image\/\"}}]}<\/script>\n<!-- \/ Yoast SEO plugin. -->","yoast_head_json":{"title":"TeeChart VCL\/FMX - CD &amp; E Distribution","description":"De TeeChart Pro VCL\/FMX met broncode is zeer geschikt als u voor uw werk of persoonlijk veel met grafische toepassingen bezig bent. Vraag om advies.","robots":{"index":"index","follow":"follow","max-snippet":"max-snippet:-1","max-image-preview":"max-image-preview:large","max-video-preview":"max-video-preview:-1"},"canonical":"https:\/\/cd-e.com\/nl\/product\/teechart-vcl-fmx\/","og_locale":"nl_NL","og_type":"article","og_title":"TeeChart VCL\/FMX - CD &amp; E Distribution","og_description":"De TeeChart Pro VCL\/FMX met broncode is zeer geschikt als u voor uw werk of persoonlijk veel met grafische toepassingen bezig bent. Vraag om advies.","og_url":"https:\/\/cd-e.com\/nl\/product\/teechart-vcl-fmx\/","og_site_name":"CD &amp; E Distribution","article_modified_time":"2024-03-15T07:43:27+00:00","og_image":[{"width":300,"height":300,"url":"https:\/\/cd-e.com\/assets\/uploads\/teechart_vcl-box.png","type":"image\/png"}],"twitter_card":"summary_large_image","twitter_misc":{"Geschatte leestijd":"3 minuten"},"schema":{"@context":"https:\/\/schema.org","@graph":[{"@type":"WebPage","@id":"https:\/\/cd-e.com\/nl\/product\/teechart-vcl-fmx\/","url":"https:\/\/cd-e.com\/nl\/product\/teechart-vcl-fmx\/","name":"TeeChart VCL\/FMX - CD &amp; E Distribution","isPartOf":{"@id":"https:\/\/cd-e.com\/nl\/#website"},"primaryImageOfPage":{"@id":"https:\/\/cd-e.com\/nl\/product\/teechart-vcl-fmx\/#primaryimage"},"image":{"@id":"https:\/\/cd-e.com\/nl\/product\/teechart-vcl-fmx\/#primaryimage"},"thumbnailUrl":"https:\/\/cd-e.com\/assets\/uploads\/teechart_vcl-box.png","datePublished":"2022-03-31T21:45:01+00:00","dateModified":"2024-03-15T07:43:27+00:00","description":"De TeeChart Pro VCL\/FMX met broncode is zeer geschikt als u voor uw werk of persoonlijk veel met grafische toepassingen bezig bent. Vraag om advies.","breadcrumb":{"@id":"https:\/\/cd-e.com\/nl\/product\/teechart-vcl-fmx\/#breadcrumb"},"inLanguage":"nl-NL","potentialAction":[{"@type":"ReadAction","target":["https:\/\/cd-e.com\/nl\/product\/teechart-vcl-fmx\/"]}]},{"@type":"ImageObject","inLanguage":"nl-NL","@id":"https:\/\/cd-e.com\/nl\/product\/teechart-vcl-fmx\/#primaryimage","url":"https:\/\/cd-e.com\/assets\/uploads\/teechart_vcl-box.png","contentUrl":"https:\/\/cd-e.com\/assets\/uploads\/teechart_vcl-box.png","width":300,"height":300},{"@type":"BreadcrumbList","@id":"https:\/\/cd-e.com\/nl\/product\/teechart-vcl-fmx\/#breadcrumb","itemListElement":[{"@type":"ListItem","position":1,"name":"Home","item":"https:\/\/cd-e.com\/nl\/"},{"@type":"ListItem","position":2,"name":"Winkel","item":"https:\/\/cd-e.com\/nl\/winkel\/"},{"@type":"ListItem","position":3,"name":"TeeChart VCL\/FMX"}]},{"@type":"WebSite","@id":"https:\/\/cd-e.com\/nl\/#website","url":"https:\/\/cd-e.com\/nl\/","name":"CD &amp; E Distribution","description":"","publisher":{"@id":"https:\/\/cd-e.com\/nl\/#organization"},"potentialAction":[{"@type":"SearchAction","target":{"@type":"EntryPoint","urlTemplate":"https:\/\/cd-e.com\/nl\/?s={search_term_string}"},"query-input":{"@type":"PropertyValueSpecification","valueRequired":true,"valueName":"search_term_string"}}],"inLanguage":"nl-NL"},{"@type":"Organization","@id":"https:\/\/cd-e.com\/nl\/#organization","name":"CD & E Distribution","url":"https:\/\/cd-e.com\/nl\/","logo":{"@type":"ImageObject","inLanguage":"nl-NL","@id":"https:\/\/cd-e.com\/nl\/#\/schema\/logo\/image\/","url":"https:\/\/cd-e.com\/assets\/uploads\/Logo_CDE_wit.png","contentUrl":"https:\/\/cd-e.com\/assets\/uploads\/Logo_CDE_wit.png","width":209,"height":65,"caption":"CD & E Distribution"},"image":{"@id":"https:\/\/cd-e.com\/nl\/#\/schema\/logo\/image\/"}}]}},"_links":{"self":[{"href":"https:\/\/cd-e.com\/nl\/wp-json\/wp\/v2\/product\/3249","targetHints":{"allow":["GET"]}}],"collection":[{"href":"https:\/\/cd-e.com\/nl\/wp-json\/wp\/v2\/product"}],"about":[{"href":"https:\/\/cd-e.com\/nl\/wp-json\/wp\/v2\/types\/product"}],"replies":[{"embeddable":true,"href":"https:\/\/cd-e.com\/nl\/wp-json\/wp\/v2\/comments?post=3249"}],"wp:featuredmedia":[{"embeddable":true,"href":"https:\/\/cd-e.com\/nl\/wp-json\/wp\/v2\/media\/3195"}],"wp:attachment":[{"href":"https:\/\/cd-e.com\/nl\/wp-json\/wp\/v2\/media?parent=3249"}],"wp:term":[{"taxonomy":"product_cat","embeddable":true,"href":"https:\/\/cd-e.com\/nl\/wp-json\/wp\/v2\/product_cat?post=3249"},{"taxonomy":"product_tag","embeddable":true,"href":"https:\/\/cd-e.com\/nl\/wp-json\/wp\/v2\/product_tag?post=3249"}],"curies":[{"name":"wp","href":"https:\/\/api.w.org\/{rel}","templated":true}]}}