{"id":3339,"date":"2022-04-08T13:21:37","date_gmt":"2022-04-08T12:23:06","guid":{"rendered":"https:\/\/cd-e.com\/?post_type=product&#038;p=3339"},"modified":"2024-11-24T18:36:28","modified_gmt":"2024-11-24T17:36:28","slug":"edrawmax","status":"publish","type":"product","link":"https:\/\/cd-e.com\/nl\/product\/edrawmax\/","title":{"rendered":"EdrawMax"},"content":{"rendered":"<p>&nbsp;<\/p>\n<p><strong>Visualisatie<br \/>\n<\/strong>Vereenvoudig je visuele workflow<br \/>\nVisualiseer en presenteer betere resultaten &#8211; allemaal in EdrawMax. Ga eenvoudig aan de slag met de Microsoft-achtige interface, de functie voor slepen en neerzetten en professionele sjabloonbronnen. Met 280 soorten diagramoplossingen kunnen jij en je team EdrawMax gebruiken voor elke fase van de workflow.<\/p>\n<p><img loading=\"lazy\" decoding=\"async\" class=\"alignnone size-large wp-image-3314\" src=\"https:\/\/cd-e.com\/assets\/uploads\/\/visualization-1024x562.jpg\" alt=\"\" width=\"1024\" height=\"562\" srcset=\"https:\/\/cd-e.com\/assets\/uploads\/visualization-1024x562.jpg 1024w, https:\/\/cd-e.com\/assets\/uploads\/visualization-300x165.jpg 300w, https:\/\/cd-e.com\/assets\/uploads\/visualization-768x422.jpg 768w, https:\/\/cd-e.com\/assets\/uploads\/visualization-1080x593.jpg 1080w, https:\/\/cd-e.com\/assets\/uploads\/visualization-980x538.jpg 980w, https:\/\/cd-e.com\/assets\/uploads\/visualization-480x263.jpg 480w, https:\/\/cd-e.com\/assets\/uploads\/visualization-600x329.jpg 600w, https:\/\/cd-e.com\/assets\/uploads\/visualization-64x35.jpg 64w, https:\/\/cd-e.com\/assets\/uploads\/visualization.jpg 1217w\" sizes=\"(max-width: 1024px) 100vw, 1024px\" \/><\/p>\n<p>&nbsp;<\/p>\n<p><strong>Innovatie<br \/>\n<\/strong>Schaal diagrammen met vertrouwen<br \/>\nMet EdrawMax kan nu iedereen in elke branche eenvoudig hun idee\u00ebn op een opvallende manier visualiseren. Met meer dan 1500 ingebouwde sjablonen en meer dan 26.000 symbolen zijn de mogelijkheden eindeloos. Gebruikers kunnen ook lid worden van de online community en ge\u00efnspireerd raken door collega-Edrawers.<\/p>\n<p><img loading=\"lazy\" decoding=\"async\" class=\"alignnone size-large wp-image-3316\" src=\"https:\/\/cd-e.com\/assets\/uploads\/\/innovation-1024x563.jpg\" alt=\"\" width=\"1024\" height=\"563\" srcset=\"https:\/\/cd-e.com\/assets\/uploads\/innovation-1024x563.jpg 1024w, https:\/\/cd-e.com\/assets\/uploads\/innovation-300x165.jpg 300w, https:\/\/cd-e.com\/assets\/uploads\/innovation-768x422.jpg 768w, https:\/\/cd-e.com\/assets\/uploads\/innovation-1080x594.jpg 1080w, https:\/\/cd-e.com\/assets\/uploads\/innovation-980x539.jpg 980w, https:\/\/cd-e.com\/assets\/uploads\/innovation-480x264.jpg 480w, https:\/\/cd-e.com\/assets\/uploads\/innovation-600x330.jpg 600w, https:\/\/cd-e.com\/assets\/uploads\/innovation-64x35.jpg 64w, https:\/\/cd-e.com\/assets\/uploads\/innovation.jpg 1217w\" sizes=\"(max-width: 1024px) 100vw, 1024px\" \/><\/p>\n<p>&nbsp;<\/p>\n<p><strong>Samenwerking<br \/>\n<\/strong>Deel jouw beelden overal<br \/>\nHard werk verdient het om gedeeld te worden! EdrawMax helpt iedereen hetzelfde doel te behouden. Deel je werk en werk samen met jouw team in elk bestandsformaat, op elk deelbaar kanaal dat je maar wilt, waar dan ook. EdrawMax is wat een project verbindt en opvalt.<\/p>\n<p><img loading=\"lazy\" decoding=\"async\" class=\"alignnone size-large wp-image-3318\" src=\"https:\/\/cd-e.com\/assets\/uploads\/\/collaboration-1024x561.jpg\" alt=\"\" width=\"1024\" height=\"561\" srcset=\"https:\/\/cd-e.com\/assets\/uploads\/collaboration-1024x561.jpg 1024w, https:\/\/cd-e.com\/assets\/uploads\/collaboration-300x164.jpg 300w, https:\/\/cd-e.com\/assets\/uploads\/collaboration-768x421.jpg 768w, https:\/\/cd-e.com\/assets\/uploads\/collaboration-1080x592.jpg 1080w, https:\/\/cd-e.com\/assets\/uploads\/collaboration-980x537.jpg 980w, https:\/\/cd-e.com\/assets\/uploads\/collaboration-480x263.jpg 480w, https:\/\/cd-e.com\/assets\/uploads\/collaboration-600x329.jpg 600w, https:\/\/cd-e.com\/assets\/uploads\/collaboration-64x35.jpg 64w, https:\/\/cd-e.com\/assets\/uploads\/collaboration.jpg 1217w\" sizes=\"(max-width: 1024px) 100vw, 1024px\" \/><\/p>\n<p>&nbsp;<\/p>\n<p><strong>Beveiliging op ondernemingsniveau<\/strong><br \/>\nBescherm je privacy<br \/>\nMet EdrawMax zijn jouw gegevens priv\u00e9, veilig en beveiligd. Met beveiliging op ondernemingsniveau worden alle informatie- en bestandsoverdrachten beveiligd met SSL-codering van het hoogste niveau, zodat niemand zonder toestemming toegang heeft tot jouw gegevens. EdrawMax plaatst gegevensbeveiliging en klantprivacy als topprioriteit.<\/p>\n<p><img loading=\"lazy\" decoding=\"async\" class=\"alignnone size-large wp-image-3320\" src=\"https:\/\/cd-e.com\/assets\/uploads\/\/enterprise-1024x561.jpg\" alt=\"\" width=\"1024\" height=\"561\" srcset=\"https:\/\/cd-e.com\/assets\/uploads\/enterprise-1024x561.jpg 1024w, https:\/\/cd-e.com\/assets\/uploads\/enterprise-300x164.jpg 300w, https:\/\/cd-e.com\/assets\/uploads\/enterprise-768x421.jpg 768w, https:\/\/cd-e.com\/assets\/uploads\/enterprise-1080x592.jpg 1080w, https:\/\/cd-e.com\/assets\/uploads\/enterprise-980x537.jpg 980w, https:\/\/cd-e.com\/assets\/uploads\/enterprise-480x263.jpg 480w, https:\/\/cd-e.com\/assets\/uploads\/enterprise-600x329.jpg 600w, https:\/\/cd-e.com\/assets\/uploads\/enterprise-64x35.jpg 64w, https:\/\/cd-e.com\/assets\/uploads\/enterprise.jpg 1216w\" sizes=\"(max-width: 1024px) 100vw, 1024px\" \/><\/p>\n<p>&nbsp;<\/p>\n<p><strong>Team<br \/>\n<\/strong>Teamplan biedt je de flexibiliteit om licenties voor groepen en teams te verstrekken, te volgen en te beheren.<br \/>\nInbegrepen bij alle EdrawMax Business-licentieplannen:<br \/>\n&#8211; E\u00e9n licentie voor 2 apparaten<br \/>\n&#8211; Onbeperkt toegang tot alle functies en bronnen<br \/>\n&#8211; Visio-bestand importeren en exporteren<br \/>\n&#8211; Exporteren als PDF, Word, Excel en PowerPoint en meer.<\/p>\n<p>&nbsp;<\/p>\n<p><strong>Licentietypen<\/strong><\/p>\n<p><strong>Individuele licentie<\/strong><\/p>\n<p>1 jaar subscriptie<br \/>\n&#8211; Volledige toegang tot alle platforms<br \/>\n&#8211; 1 jaar gratis upgrades en prioriteitsondersteuning<br \/>\n&#8211; 1 GB gratis cloudopslag<br \/>\n&#8211; Eenvoudig apparaatbeheer<br \/>\n&#8211; Back-up en herstel van bestanden<\/p>\n<p>Lifetime Plan<br \/>\n&#8211; Volledige toegang tot alle platforms<br \/>\n&#8211; 1 jaar gratis upgrades en prioriteitsondersteuning<br \/>\n&#8211; 10 GB gratis cloudopslag<br \/>\n&#8211; Eenvoudig apparaatbeheer<br \/>\n&#8211; Back-up en herstel van bestanden<\/p>\n<p>&nbsp;<\/p>\n<p><strong>Business\/Team licentie<\/strong><\/p>\n<p>1 jaar subscriptie<br \/>\nAlle functies van de individuele licentie plus:<br \/>\n&#8211; E\u00e9n licentie voor 2 apparaten<br \/>\n&#8211; Ondersteunt Windows, Mac Linux en Web<br \/>\n&#8211; Slimme licenties: lokale versie of versie voor alle platforms<br \/>\n&#8211; 1 jaar gratis upgrades en prioriteitsondersteuning<br \/>\n&#8211; Gegevensbeveiliging en privacy op ondernemingsniveau<\/p>\n<p>Perpetual Plan<br \/>\nAlle voordelen van de individuele licentie plus:<br \/>\n&#8211; \u00e9\u00e9n licentie voor 2 apparaten<br \/>\n&#8211; ondersteunt Windows, Mac Linux en Web<br \/>\n&#8211; slimme licenties: lokale versie of versie voor alle platforms<br \/>\n&#8211; 3 jaar gratis upgrades en prioriteitsondersteuning<br \/>\n&#8211; gegevensbeveiliging en privacy op ondernemingsniveau<\/p>\n<p>&nbsp;<\/p>\n<p><strong>Systeemvereisten<br \/>\n<\/strong>&#8211; Windows 2000\/2003\/2008\/Vista\/7\/8\/10\/11 (32bit\/64 bit), macOS v10.11 tot macOS v12, Work on Apple M1, and Linux<br \/>\n&#8211; Minimaal 2 GB RAM en 4 GB schijfruimte (exclusief de projectruimte)<br \/>\n&#8211; Hoge monitorresolutie<br \/>\n&#8211; Muis en toetsenbord<\/p>\n<p>&nbsp;<\/p>\n","protected":false},"excerpt":{"rendered":"<p>Visualiseer, innoveer en werk samen met EdrawMax<\/p>\n<p>EdrawMax is een krachtige, alles-in-\u00e9\u00e9n en toch gebruiksvriendelijke tool voor het maken van diagrammen waarmee gebruikers idee\u00ebn moeiteloos kunnen visualiseren. Met EdrawMax kun je stroomdiagrammen, Venn-diagrammen, mindmaps, organigrammen, Gantt-diagrammen, UML-diagrammen, elektrische tekeningen, genogrammen, bouwplannen, enz. maken en aanpassen.<\/p>\n<p>&nbsp;<\/p>\n","protected":false},"featured_media":5704,"comment_status":"closed","ping_status":"closed","template":"","meta":{"_et_pb_use_builder":"","_et_pb_old_content":"","_et_gb_content_width":""},"product_cat":[241],"product_tag":[],"class_list":{"0":"post-3339","1":"product","2":"type-product","3":"status-publish","4":"has-post-thumbnail","6":"product_cat-utilities-nl","7":"pa_license-type-busteam","8":"pa_license-type-individual-nl","10":"first","11":"instock","12":"taxable","13":"shipping-taxable","14":"purchasable","15":"product-type-variable","16":"has-default-attributes"},"yoast_head":"<!-- This site is optimized with the Yoast SEO plugin v24.4 - https:\/\/yoast.com\/wordpress\/plugins\/seo\/ -->\n<title>EdrawMax - CD &amp; E Distribution<\/title>\n<meta name=\"robots\" content=\"index, follow, max-snippet:-1, max-image-preview:large, max-video-preview:-1\" \/>\n<link rel=\"canonical\" href=\"https:\/\/cd-e.com\/nl\/product\/edrawmax\/\" \/>\n<meta property=\"og:locale\" content=\"nl_NL\" \/>\n<meta property=\"og:type\" content=\"article\" \/>\n<meta property=\"og:title\" content=\"EdrawMax - CD &amp; E Distribution\" \/>\n<meta property=\"og:description\" content=\"Visualiseer, innoveer en werk samen met EdrawMax  EdrawMax is een krachtige, alles-in-\u00e9\u00e9n en toch gebruiksvriendelijke tool voor het maken van diagrammen waarmee gebruikers idee\u00ebn moeiteloos kunnen visualiseren. Met EdrawMax kun je stroomdiagrammen, Venn-diagrammen, mindmaps, organigrammen, Gantt-diagrammen, UML-diagrammen, elektrische tekeningen, genogrammen, bouwplannen, enz. maken en aanpassen.  &nbsp;\" \/>\n<meta property=\"og:url\" content=\"https:\/\/cd-e.com\/nl\/product\/edrawmax\/\" \/>\n<meta property=\"og:site_name\" content=\"CD &amp; E Distribution\" \/>\n<meta property=\"article:modified_time\" content=\"2024-11-24T17:36:28+00:00\" \/>\n<meta property=\"og:image\" content=\"https:\/\/cd-e.com\/assets\/uploads\/EdrawMax-box.jpg\" \/>\n\t<meta property=\"og:image:width\" content=\"1024\" \/>\n\t<meta property=\"og:image:height\" content=\"1024\" \/>\n\t<meta property=\"og:image:type\" content=\"image\/jpeg\" \/>\n<meta name=\"twitter:card\" content=\"summary_large_image\" \/>\n<meta name=\"twitter:label1\" content=\"Geschatte leestijd\" \/>\n\t<meta name=\"twitter:data1\" content=\"2 minuten\" \/>\n<script type=\"application\/ld+json\" class=\"yoast-schema-graph\">{\"@context\":\"https:\/\/schema.org\",\"@graph\":[{\"@type\":\"WebPage\",\"@id\":\"https:\/\/cd-e.com\/nl\/product\/edrawmax\/\",\"url\":\"https:\/\/cd-e.com\/nl\/product\/edrawmax\/\",\"name\":\"EdrawMax - CD &amp; E Distribution\",\"isPartOf\":{\"@id\":\"https:\/\/cd-e.com\/nl\/#website\"},\"primaryImageOfPage\":{\"@id\":\"https:\/\/cd-e.com\/nl\/product\/edrawmax\/#primaryimage\"},\"image\":{\"@id\":\"https:\/\/cd-e.com\/nl\/product\/edrawmax\/#primaryimage\"},\"thumbnailUrl\":\"https:\/\/cd-e.com\/assets\/uploads\/EdrawMaxlogo_box.png\",\"datePublished\":\"2022-04-08T12:23:06+00:00\",\"dateModified\":\"2024-11-24T17:36:28+00:00\",\"breadcrumb\":{\"@id\":\"https:\/\/cd-e.com\/nl\/product\/edrawmax\/#breadcrumb\"},\"inLanguage\":\"nl-NL\",\"potentialAction\":[{\"@type\":\"ReadAction\",\"target\":[\"https:\/\/cd-e.com\/nl\/product\/edrawmax\/\"]}]},{\"@type\":\"ImageObject\",\"inLanguage\":\"nl-NL\",\"@id\":\"https:\/\/cd-e.com\/nl\/product\/edrawmax\/#primaryimage\",\"url\":\"https:\/\/cd-e.com\/assets\/uploads\/EdrawMaxlogo_box.png\",\"contentUrl\":\"https:\/\/cd-e.com\/assets\/uploads\/EdrawMaxlogo_box.png\",\"width\":469,\"height\":469,\"caption\":\"EdrawMax v14 EdrawMax 14\"},{\"@type\":\"BreadcrumbList\",\"@id\":\"https:\/\/cd-e.com\/nl\/product\/edrawmax\/#breadcrumb\",\"itemListElement\":[{\"@type\":\"ListItem\",\"position\":1,\"name\":\"Home\",\"item\":\"https:\/\/cd-e.com\/nl\/\"},{\"@type\":\"ListItem\",\"position\":2,\"name\":\"Winkel\",\"item\":\"https:\/\/cd-e.com\/nl\/winkel\/\"},{\"@type\":\"ListItem\",\"position\":3,\"name\":\"EdrawMax\"}]},{\"@type\":\"WebSite\",\"@id\":\"https:\/\/cd-e.com\/nl\/#website\",\"url\":\"https:\/\/cd-e.com\/nl\/\",\"name\":\"CD &amp; E Distribution\",\"description\":\"\",\"publisher\":{\"@id\":\"https:\/\/cd-e.com\/nl\/#organization\"},\"potentialAction\":[{\"@type\":\"SearchAction\",\"target\":{\"@type\":\"EntryPoint\",\"urlTemplate\":\"https:\/\/cd-e.com\/nl\/?s={search_term_string}\"},\"query-input\":{\"@type\":\"PropertyValueSpecification\",\"valueRequired\":true,\"valueName\":\"search_term_string\"}}],\"inLanguage\":\"nl-NL\"},{\"@type\":\"Organization\",\"@id\":\"https:\/\/cd-e.com\/nl\/#organization\",\"name\":\"CD & E Distribution\",\"url\":\"https:\/\/cd-e.com\/nl\/\",\"logo\":{\"@type\":\"ImageObject\",\"inLanguage\":\"nl-NL\",\"@id\":\"https:\/\/cd-e.com\/nl\/#\/schema\/logo\/image\/\",\"url\":\"https:\/\/cd-e.com\/assets\/uploads\/Logo_CDE_wit.png\",\"contentUrl\":\"https:\/\/cd-e.com\/assets\/uploads\/Logo_CDE_wit.png\",\"width\":209,\"height\":65,\"caption\":\"CD & E Distribution\"},\"image\":{\"@id\":\"https:\/\/cd-e.com\/nl\/#\/schema\/logo\/image\/\"}}]}<\/script>\n<!-- \/ Yoast SEO plugin. -->","yoast_head_json":{"title":"EdrawMax - CD &amp; E Distribution","robots":{"index":"index","follow":"follow","max-snippet":"max-snippet:-1","max-image-preview":"max-image-preview:large","max-video-preview":"max-video-preview:-1"},"canonical":"https:\/\/cd-e.com\/nl\/product\/edrawmax\/","og_locale":"nl_NL","og_type":"article","og_title":"EdrawMax - CD &amp; E Distribution","og_description":"Visualiseer, innoveer en werk samen met EdrawMax  EdrawMax is een krachtige, alles-in-\u00e9\u00e9n en toch gebruiksvriendelijke tool voor het maken van diagrammen waarmee gebruikers idee\u00ebn moeiteloos kunnen visualiseren. Met EdrawMax kun je stroomdiagrammen, Venn-diagrammen, mindmaps, organigrammen, Gantt-diagrammen, UML-diagrammen, elektrische tekeningen, genogrammen, bouwplannen, enz. maken en aanpassen.  &nbsp;","og_url":"https:\/\/cd-e.com\/nl\/product\/edrawmax\/","og_site_name":"CD &amp; E Distribution","article_modified_time":"2024-11-24T17:36:28+00:00","og_image":[{"width":1024,"height":1024,"url":"https:\/\/cd-e.com\/assets\/uploads\/EdrawMax-box.jpg","type":"image\/jpeg"}],"twitter_card":"summary_large_image","twitter_misc":{"Geschatte leestijd":"2 minuten"},"schema":{"@context":"https:\/\/schema.org","@graph":[{"@type":"WebPage","@id":"https:\/\/cd-e.com\/nl\/product\/edrawmax\/","url":"https:\/\/cd-e.com\/nl\/product\/edrawmax\/","name":"EdrawMax - CD &amp; E Distribution","isPartOf":{"@id":"https:\/\/cd-e.com\/nl\/#website"},"primaryImageOfPage":{"@id":"https:\/\/cd-e.com\/nl\/product\/edrawmax\/#primaryimage"},"image":{"@id":"https:\/\/cd-e.com\/nl\/product\/edrawmax\/#primaryimage"},"thumbnailUrl":"https:\/\/cd-e.com\/assets\/uploads\/EdrawMaxlogo_box.png","datePublished":"2022-04-08T12:23:06+00:00","dateModified":"2024-11-24T17:36:28+00:00","breadcrumb":{"@id":"https:\/\/cd-e.com\/nl\/product\/edrawmax\/#breadcrumb"},"inLanguage":"nl-NL","potentialAction":[{"@type":"ReadAction","target":["https:\/\/cd-e.com\/nl\/product\/edrawmax\/"]}]},{"@type":"ImageObject","inLanguage":"nl-NL","@id":"https:\/\/cd-e.com\/nl\/product\/edrawmax\/#primaryimage","url":"https:\/\/cd-e.com\/assets\/uploads\/EdrawMaxlogo_box.png","contentUrl":"https:\/\/cd-e.com\/assets\/uploads\/EdrawMaxlogo_box.png","width":469,"height":469,"caption":"EdrawMax v14 EdrawMax 14"},{"@type":"BreadcrumbList","@id":"https:\/\/cd-e.com\/nl\/product\/edrawmax\/#breadcrumb","itemListElement":[{"@type":"ListItem","position":1,"name":"Home","item":"https:\/\/cd-e.com\/nl\/"},{"@type":"ListItem","position":2,"name":"Winkel","item":"https:\/\/cd-e.com\/nl\/winkel\/"},{"@type":"ListItem","position":3,"name":"EdrawMax"}]},{"@type":"WebSite","@id":"https:\/\/cd-e.com\/nl\/#website","url":"https:\/\/cd-e.com\/nl\/","name":"CD &amp; E Distribution","description":"","publisher":{"@id":"https:\/\/cd-e.com\/nl\/#organization"},"potentialAction":[{"@type":"SearchAction","target":{"@type":"EntryPoint","urlTemplate":"https:\/\/cd-e.com\/nl\/?s={search_term_string}"},"query-input":{"@type":"PropertyValueSpecification","valueRequired":true,"valueName":"search_term_string"}}],"inLanguage":"nl-NL"},{"@type":"Organization","@id":"https:\/\/cd-e.com\/nl\/#organization","name":"CD & E Distribution","url":"https:\/\/cd-e.com\/nl\/","logo":{"@type":"ImageObject","inLanguage":"nl-NL","@id":"https:\/\/cd-e.com\/nl\/#\/schema\/logo\/image\/","url":"https:\/\/cd-e.com\/assets\/uploads\/Logo_CDE_wit.png","contentUrl":"https:\/\/cd-e.com\/assets\/uploads\/Logo_CDE_wit.png","width":209,"height":65,"caption":"CD & E Distribution"},"image":{"@id":"https:\/\/cd-e.com\/nl\/#\/schema\/logo\/image\/"}}]}},"_links":{"self":[{"href":"https:\/\/cd-e.com\/nl\/wp-json\/wp\/v2\/product\/3339","targetHints":{"allow":["GET"]}}],"collection":[{"href":"https:\/\/cd-e.com\/nl\/wp-json\/wp\/v2\/product"}],"about":[{"href":"https:\/\/cd-e.com\/nl\/wp-json\/wp\/v2\/types\/product"}],"replies":[{"embeddable":true,"href":"https:\/\/cd-e.com\/nl\/wp-json\/wp\/v2\/comments?post=3339"}],"wp:featuredmedia":[{"embeddable":true,"href":"https:\/\/cd-e.com\/nl\/wp-json\/wp\/v2\/media\/5704"}],"wp:attachment":[{"href":"https:\/\/cd-e.com\/nl\/wp-json\/wp\/v2\/media?parent=3339"}],"wp:term":[{"taxonomy":"product_cat","embeddable":true,"href":"https:\/\/cd-e.com\/nl\/wp-json\/wp\/v2\/product_cat?post=3339"},{"taxonomy":"product_tag","embeddable":true,"href":"https:\/\/cd-e.com\/nl\/wp-json\/wp\/v2\/product_tag?post=3339"}],"curies":[{"name":"wp","href":"https:\/\/api.w.org\/{rel}","templated":true}]}}