{"id":3699,"date":"2022-08-29T11:43:14","date_gmt":"2022-08-29T10:44:26","guid":{"rendered":"https:\/\/cd-e.com\/?post_type=product&#038;p=3699"},"modified":"2022-08-29T11:44:27","modified_gmt":"2022-08-29T10:44:27","slug":"spire-barcode-for-net","status":"publish","type":"product","link":"https:\/\/cd-e.com\/nl\/product\/spire-barcode-for-net\/","title":{"rendered":"Spire.Barcode for .NET"},"content":{"rendered":"<p>&nbsp;<\/p>\n<p>Spire.Barcode for .NET biedt een zeer gemakkelijke manier om barcodeverwerking te integreren. Met slechts \u00e9\u00e9n regel code om te cre\u00ebren, 1D- en 2D-barcode te lezen, ondersteunt Spire.Barcode variabele veelgebruikte afbeeldingsindelingen, zoals Bitmap, JPG, PNG, EMF, TIFF, GIF en WMF.<\/p>\n<p><strong>Voornaamste functies<\/strong><\/p>\n<p>Robuuste barcodeherkenning en generatie 1D &amp; 2D barcode<br \/>\nOntwikkelaars kunnen de meest gebruikte lineaire, 2D- en postbarcodes lezen en ze overal en in elke richting detecteren.<\/p>\n<p>Hoge prestaties voor het genereren en lezen van barcodeafbeeldingen<br \/>\nOntwikkelaars kunnen barcodeafbeeldingen maken in elk gewenst uitvoerbeeldformaat zoals Bitmap, JPG, PNG, EMF, TIFF, GIF en WMF.<\/p>\n<p>Superieure prestatie-ondersteuning voor het lezen en schrijven van barcodes<br \/>\nOntwikkelaars kunnen eenvoudig randen, randkleuren, stijl, marges en breedte van barcodeafbeeldingen instellen. U kunt barcodeafbeeldingen ook naar elke hoek draaien en barcodeafbeeldingen van hoge kwaliteit produceren.<\/p>\n<p>Eenvoudige integratie<br \/>\nSpire.Barcode voor .NET kan eenvoudig worden ge\u00efntegreerd in alle .net-toepassingen. Er zijn twee manieren om Spire.Barcode te integreren in .NET-toepassingen: API-modus en bibliotheekmodus.<br \/>\n&#8211; API-modus is slechts \u00e9\u00e9n regel code om te maken, herkent streepjescode.<br \/>\n&#8211; Bibliotheekmodus gebruikt een visuele manier om streepjescodes te maken en sleep vervolgens de Spire.Barcode-bibliotheek naar uw .NET Windows- of ASP.NET-formulier. Geen code meer nodig.<\/p>\n<p>&nbsp;<\/p>\n<p><strong>Versie vergelijking<\/strong><\/p>\n<p><img loading=\"lazy\" decoding=\"async\" class=\"alignnone size-full wp-image-3688\" src=\"https:\/\/cd-e.com\/assets\/uploads\/compare-barcode.png\" alt=\"\" width=\"1140\" height=\"754\" srcset=\"https:\/\/cd-e.com\/assets\/uploads\/compare-barcode.png 1140w, https:\/\/cd-e.com\/assets\/uploads\/compare-barcode-980x648.png 980w, https:\/\/cd-e.com\/assets\/uploads\/compare-barcode-480x317.png 480w\" sizes=\"(min-width: 0px) and (max-width: 480px) 480px, (min-width: 481px) and (max-width: 980px) 980px, (min-width: 981px) 1140px, 100vw\" \/><\/p>\n<p>&nbsp;<\/p>\n","protected":false},"excerpt":{"rendered":"<p>.NET-bibliotheek voor het genereren en herkennen van barcodes<\/p>\n<p>Spire.Barcode for .NET is een professionele barcodebibliotheek die speciaal is ontworpen voor .NET-ontwikkelaars (C#, VB.NET, ASP.NET, .NET Core, .Net Standard, .NET 5.0, MonoAndroid, Xamarin.iOS) om en scan 1D- en 2D-barcodes. Ontwikkelaars en programmeurs kunnen Spire.Barcode gebruiken om snel en eenvoudig barcode-indelingen op ondernemingsniveau toe te voegen aan hun .net-applicaties.<\/p>\n<p>&nbsp;<\/p>\n","protected":false},"featured_media":3698,"comment_status":"closed","ping_status":"closed","template":"","meta":{"_et_pb_use_builder":"","_et_pb_old_content":"","_et_gb_content_width":""},"product_cat":[232],"product_tag":[],"class_list":{"0":"post-3699","1":"product","2":"type-product","3":"status-publish","4":"has-post-thumbnail","6":"product_cat-development-nl","7":"pa_license-type-developeroemsubscriptie","8":"pa_license-type-developersubscriptie","9":"pa_license-type-siteenterprisesubscriptie","10":"pa_license-type-siteoemsubscriptie","12":"first","13":"instock","14":"taxable","15":"shipping-taxable","16":"purchasable","17":"product-type-variable","18":"has-default-attributes"},"yoast_head":"<!-- This site is optimized with the Yoast SEO plugin v24.4 - https:\/\/yoast.com\/wordpress\/plugins\/seo\/ -->\n<title>Spire.Barcode for .NET - CD &amp; E Distribution<\/title>\n<meta name=\"robots\" content=\"index, follow, max-snippet:-1, max-image-preview:large, max-video-preview:-1\" \/>\n<link rel=\"canonical\" href=\"https:\/\/cd-e.com\/nl\/product\/spire-barcode-for-net\/\" \/>\n<meta property=\"og:locale\" content=\"nl_NL\" \/>\n<meta property=\"og:type\" content=\"article\" \/>\n<meta property=\"og:title\" content=\"Spire.Barcode for .NET - CD &amp; E Distribution\" \/>\n<meta property=\"og:description\" content=\".NET-bibliotheek voor het genereren en herkennen van barcodes  Spire.Barcode for .NET is een professionele barcodebibliotheek die speciaal is ontworpen voor .NET-ontwikkelaars (C#, VB.NET, ASP.NET, .NET Core, .Net Standard, .NET 5.0, MonoAndroid, Xamarin.iOS) om en scan 1D- en 2D-barcodes. Ontwikkelaars en programmeurs kunnen Spire.Barcode gebruiken om snel en eenvoudig barcode-indelingen op ondernemingsniveau toe te voegen aan hun .net-applicaties.  &nbsp;\" \/>\n<meta property=\"og:url\" content=\"https:\/\/cd-e.com\/nl\/product\/spire-barcode-for-net\/\" \/>\n<meta property=\"og:site_name\" content=\"CD &amp; E Distribution\" \/>\n<meta property=\"article:modified_time\" content=\"2022-08-29T10:44:27+00:00\" \/>\n<meta property=\"og:image\" content=\"https:\/\/cd-e.com\/assets\/uploads\/spirebarcode-box.png\" \/>\n\t<meta property=\"og:image:width\" content=\"275\" \/>\n\t<meta property=\"og:image:height\" content=\"275\" \/>\n\t<meta property=\"og:image:type\" content=\"image\/png\" \/>\n<meta name=\"twitter:card\" content=\"summary_large_image\" \/>\n<meta name=\"twitter:label1\" content=\"Geschatte leestijd\" \/>\n\t<meta name=\"twitter:data1\" content=\"2 minuten\" \/>\n<script type=\"application\/ld+json\" class=\"yoast-schema-graph\">{\"@context\":\"https:\/\/schema.org\",\"@graph\":[{\"@type\":\"WebPage\",\"@id\":\"https:\/\/cd-e.com\/nl\/product\/spire-barcode-for-net\/\",\"url\":\"https:\/\/cd-e.com\/nl\/product\/spire-barcode-for-net\/\",\"name\":\"Spire.Barcode for .NET - CD &amp; E Distribution\",\"isPartOf\":{\"@id\":\"https:\/\/cd-e.com\/nl\/#website\"},\"primaryImageOfPage\":{\"@id\":\"https:\/\/cd-e.com\/nl\/product\/spire-barcode-for-net\/#primaryimage\"},\"image\":{\"@id\":\"https:\/\/cd-e.com\/nl\/product\/spire-barcode-for-net\/#primaryimage\"},\"thumbnailUrl\":\"https:\/\/cd-e.com\/assets\/uploads\/spirebarcode-box.png\",\"datePublished\":\"2022-08-29T10:44:26+00:00\",\"dateModified\":\"2022-08-29T10:44:27+00:00\",\"breadcrumb\":{\"@id\":\"https:\/\/cd-e.com\/nl\/product\/spire-barcode-for-net\/#breadcrumb\"},\"inLanguage\":\"nl-NL\",\"potentialAction\":[{\"@type\":\"ReadAction\",\"target\":[\"https:\/\/cd-e.com\/nl\/product\/spire-barcode-for-net\/\"]}]},{\"@type\":\"ImageObject\",\"inLanguage\":\"nl-NL\",\"@id\":\"https:\/\/cd-e.com\/nl\/product\/spire-barcode-for-net\/#primaryimage\",\"url\":\"https:\/\/cd-e.com\/assets\/uploads\/spirebarcode-box.png\",\"contentUrl\":\"https:\/\/cd-e.com\/assets\/uploads\/spirebarcode-box.png\",\"width\":275,\"height\":275},{\"@type\":\"BreadcrumbList\",\"@id\":\"https:\/\/cd-e.com\/nl\/product\/spire-barcode-for-net\/#breadcrumb\",\"itemListElement\":[{\"@type\":\"ListItem\",\"position\":1,\"name\":\"Home\",\"item\":\"https:\/\/cd-e.com\/nl\/\"},{\"@type\":\"ListItem\",\"position\":2,\"name\":\"Winkel\",\"item\":\"https:\/\/cd-e.com\/nl\/winkel\/\"},{\"@type\":\"ListItem\",\"position\":3,\"name\":\"Spire.Barcode for .NET\"}]},{\"@type\":\"WebSite\",\"@id\":\"https:\/\/cd-e.com\/nl\/#website\",\"url\":\"https:\/\/cd-e.com\/nl\/\",\"name\":\"CD &amp; E Distribution\",\"description\":\"\",\"publisher\":{\"@id\":\"https:\/\/cd-e.com\/nl\/#organization\"},\"potentialAction\":[{\"@type\":\"SearchAction\",\"target\":{\"@type\":\"EntryPoint\",\"urlTemplate\":\"https:\/\/cd-e.com\/nl\/?s={search_term_string}\"},\"query-input\":{\"@type\":\"PropertyValueSpecification\",\"valueRequired\":true,\"valueName\":\"search_term_string\"}}],\"inLanguage\":\"nl-NL\"},{\"@type\":\"Organization\",\"@id\":\"https:\/\/cd-e.com\/nl\/#organization\",\"name\":\"CD & E Distribution\",\"url\":\"https:\/\/cd-e.com\/nl\/\",\"logo\":{\"@type\":\"ImageObject\",\"inLanguage\":\"nl-NL\",\"@id\":\"https:\/\/cd-e.com\/nl\/#\/schema\/logo\/image\/\",\"url\":\"https:\/\/cd-e.com\/assets\/uploads\/Logo_CDE_wit.png\",\"contentUrl\":\"https:\/\/cd-e.com\/assets\/uploads\/Logo_CDE_wit.png\",\"width\":209,\"height\":65,\"caption\":\"CD & E Distribution\"},\"image\":{\"@id\":\"https:\/\/cd-e.com\/nl\/#\/schema\/logo\/image\/\"}}]}<\/script>\n<!-- \/ Yoast SEO plugin. -->","yoast_head_json":{"title":"Spire.Barcode for .NET - CD &amp; E Distribution","robots":{"index":"index","follow":"follow","max-snippet":"max-snippet:-1","max-image-preview":"max-image-preview:large","max-video-preview":"max-video-preview:-1"},"canonical":"https:\/\/cd-e.com\/nl\/product\/spire-barcode-for-net\/","og_locale":"nl_NL","og_type":"article","og_title":"Spire.Barcode for .NET - CD &amp; E Distribution","og_description":".NET-bibliotheek voor het genereren en herkennen van barcodes  Spire.Barcode for .NET is een professionele barcodebibliotheek die speciaal is ontworpen voor .NET-ontwikkelaars (C#, VB.NET, ASP.NET, .NET Core, .Net Standard, .NET 5.0, MonoAndroid, Xamarin.iOS) om en scan 1D- en 2D-barcodes. Ontwikkelaars en programmeurs kunnen Spire.Barcode gebruiken om snel en eenvoudig barcode-indelingen op ondernemingsniveau toe te voegen aan hun .net-applicaties.  &nbsp;","og_url":"https:\/\/cd-e.com\/nl\/product\/spire-barcode-for-net\/","og_site_name":"CD &amp; E Distribution","article_modified_time":"2022-08-29T10:44:27+00:00","og_image":[{"width":275,"height":275,"url":"https:\/\/cd-e.com\/assets\/uploads\/spirebarcode-box.png","type":"image\/png"}],"twitter_card":"summary_large_image","twitter_misc":{"Geschatte leestijd":"2 minuten"},"schema":{"@context":"https:\/\/schema.org","@graph":[{"@type":"WebPage","@id":"https:\/\/cd-e.com\/nl\/product\/spire-barcode-for-net\/","url":"https:\/\/cd-e.com\/nl\/product\/spire-barcode-for-net\/","name":"Spire.Barcode for .NET - CD &amp; E Distribution","isPartOf":{"@id":"https:\/\/cd-e.com\/nl\/#website"},"primaryImageOfPage":{"@id":"https:\/\/cd-e.com\/nl\/product\/spire-barcode-for-net\/#primaryimage"},"image":{"@id":"https:\/\/cd-e.com\/nl\/product\/spire-barcode-for-net\/#primaryimage"},"thumbnailUrl":"https:\/\/cd-e.com\/assets\/uploads\/spirebarcode-box.png","datePublished":"2022-08-29T10:44:26+00:00","dateModified":"2022-08-29T10:44:27+00:00","breadcrumb":{"@id":"https:\/\/cd-e.com\/nl\/product\/spire-barcode-for-net\/#breadcrumb"},"inLanguage":"nl-NL","potentialAction":[{"@type":"ReadAction","target":["https:\/\/cd-e.com\/nl\/product\/spire-barcode-for-net\/"]}]},{"@type":"ImageObject","inLanguage":"nl-NL","@id":"https:\/\/cd-e.com\/nl\/product\/spire-barcode-for-net\/#primaryimage","url":"https:\/\/cd-e.com\/assets\/uploads\/spirebarcode-box.png","contentUrl":"https:\/\/cd-e.com\/assets\/uploads\/spirebarcode-box.png","width":275,"height":275},{"@type":"BreadcrumbList","@id":"https:\/\/cd-e.com\/nl\/product\/spire-barcode-for-net\/#breadcrumb","itemListElement":[{"@type":"ListItem","position":1,"name":"Home","item":"https:\/\/cd-e.com\/nl\/"},{"@type":"ListItem","position":2,"name":"Winkel","item":"https:\/\/cd-e.com\/nl\/winkel\/"},{"@type":"ListItem","position":3,"name":"Spire.Barcode for .NET"}]},{"@type":"WebSite","@id":"https:\/\/cd-e.com\/nl\/#website","url":"https:\/\/cd-e.com\/nl\/","name":"CD &amp; E Distribution","description":"","publisher":{"@id":"https:\/\/cd-e.com\/nl\/#organization"},"potentialAction":[{"@type":"SearchAction","target":{"@type":"EntryPoint","urlTemplate":"https:\/\/cd-e.com\/nl\/?s={search_term_string}"},"query-input":{"@type":"PropertyValueSpecification","valueRequired":true,"valueName":"search_term_string"}}],"inLanguage":"nl-NL"},{"@type":"Organization","@id":"https:\/\/cd-e.com\/nl\/#organization","name":"CD & E Distribution","url":"https:\/\/cd-e.com\/nl\/","logo":{"@type":"ImageObject","inLanguage":"nl-NL","@id":"https:\/\/cd-e.com\/nl\/#\/schema\/logo\/image\/","url":"https:\/\/cd-e.com\/assets\/uploads\/Logo_CDE_wit.png","contentUrl":"https:\/\/cd-e.com\/assets\/uploads\/Logo_CDE_wit.png","width":209,"height":65,"caption":"CD & E Distribution"},"image":{"@id":"https:\/\/cd-e.com\/nl\/#\/schema\/logo\/image\/"}}]}},"_links":{"self":[{"href":"https:\/\/cd-e.com\/nl\/wp-json\/wp\/v2\/product\/3699","targetHints":{"allow":["GET"]}}],"collection":[{"href":"https:\/\/cd-e.com\/nl\/wp-json\/wp\/v2\/product"}],"about":[{"href":"https:\/\/cd-e.com\/nl\/wp-json\/wp\/v2\/types\/product"}],"replies":[{"embeddable":true,"href":"https:\/\/cd-e.com\/nl\/wp-json\/wp\/v2\/comments?post=3699"}],"wp:featuredmedia":[{"embeddable":true,"href":"https:\/\/cd-e.com\/nl\/wp-json\/wp\/v2\/media\/3698"}],"wp:attachment":[{"href":"https:\/\/cd-e.com\/nl\/wp-json\/wp\/v2\/media?parent=3699"}],"wp:term":[{"taxonomy":"product_cat","embeddable":true,"href":"https:\/\/cd-e.com\/nl\/wp-json\/wp\/v2\/product_cat?post=3699"},{"taxonomy":"product_tag","embeddable":true,"href":"https:\/\/cd-e.com\/nl\/wp-json\/wp\/v2\/product_tag?post=3699"}],"curies":[{"name":"wp","href":"https:\/\/api.w.org\/{rel}","templated":true}]}}