{"id":4817,"date":"2023-11-21T14:53:51","date_gmt":"2023-11-21T13:56:45","guid":{"rendered":"https:\/\/cd-e.com\/?post_type=product&#038;p=4817"},"modified":"2024-03-15T09:43:59","modified_gmt":"2024-03-15T08:43:59","slug":"winzip-28","status":"publish","type":"product","link":"https:\/\/cd-e.com\/nl\/product\/winzip-28\/","title":{"rendered":"WinZip 28"},"content":{"rendered":"<p>&nbsp;<\/p>\n<p><strong>Wat is er nieuw?<\/strong><\/p>\n<p><strong>Modern startscherm<\/strong><\/p>\n<p>Met de introductie van het nieuwe startscherm kunnen gebruikers van WinZip Standard, Pro of Enterprise een uitgebreider aanbod aan apps verkennen dan alleen compressie, eenvoudig toegang krijgen tot een nieuw idee\u00ebnportaal en een rondleiding krijgen door de zelfbedieningskennisbank. Bovendien zijn nieuwe productinformatie en updates altijd direct beschikbaar zodat u op de hoogte en up-to-date blijft.<\/p>\n<p><strong>Idee\u00ebn indienen en beoordelen<\/strong><\/p>\n<p>WinZip-klanttevredenheid is een prioriteit. Nu kunnen idee\u00ebn en suggesties rechtstreeks in de app worden ingediend en kan er ook op de idee\u00ebn van anderen worden gestemd. Het WinZip-team zal idee\u00ebn voor toekomstige implementatie beoordelen en overwegen. Feedback van klanten is belangrijk en we doen er alles aan om WinZip Standard, Pro en Enterprise nog beter te maken op basis van de waardevolle inzichten die we ontvangen.<\/p>\n<p><strong>Bestanden scannen op bedreigingen<\/strong><\/p>\n<p>Met de nieuwste update hebben WinZip Standard, Pro en Enterprise een naadloze scanfunctie ge\u00efntroduceerd waarmee u moeiteloos zip-bestanden kunt controleren voordat ze worden uitgepakt. Deze extra beveiligingslaag helpt apparaten te beschermen tegen potenti\u00eble malware- of ransomware-bedreigingen. U kunt genieten van een zorgeloze ervaring, wetende dat WinZip er actief aan werkt om uw bestanden en apparaten te beschermen tegen schadelijke inhoud.<\/p>\n<p><strong>Ondersteuning in de app<\/strong><\/p>\n<p>Om u beter te ondersteunen, biedt WinZip nu een in-app FAQ, die snelle antwoorden biedt op veelgestelde vragen. Bovendien hebben gebruikers rechtstreeks toegang tot onze online ondersteuningspagina en uitgebreide kennisbank voor verdere hulp. Deze bronnen zorgen voor een soepelere WinZip-ervaring, waardoor u de informatie krijgt die u nodig heeft voor effici\u00ebnte bestandscompressie en -beheer.<\/p>\n<h2>Verbeterd<\/h2>\n<p><strong>WinZip veilige back-up<\/strong><\/p>\n<p>WinZip Standard, Pro en Enterprise maken een veilige back-up en herstel van gegevens mogelijk om verlies als gevolg van hardwarestoringen, softwarefouten, menselijke fouten en natuurrampen te voorkomen, zodat bestanden in geval van nood gemakkelijk toegankelijk zijn. U kunt gemakkelijker een back-up van mappen maken door met de rechtermuisknop te klikken.<\/p>\n<p><strong>Delen met SafeShare<\/strong><\/p>\n<p>WinZip SafeShare vereenvoudigt het delen van bestanden via e-mail door u in staat te stellen eenvoudig uw bestanden bij te voegen of te koppelen. Bestanden kunnen worden gecodeerd met een wachtwoord en een vervaldatum worden ingesteld om ongeautoriseerde toegang te voorkomen. Bovendien kunnen persoonlijke gegevens worden verwijderd, watermerken worden toegevoegd en PDF-bestanden worden gecombineerd. Nu worden e-mails op een gebruiksvriendelijkere manier opgemaakt en ontvangen ontvangers meer relevante details.<\/p>\n<p><strong>PDF-Express<\/strong><\/p>\n<p>WinZip PDF Express is een veelzijdige softwaretool voor effici\u00ebnt PDF-beheer. Het biedt functies zoals conversie, samenvoegen, bewerken, beveiliging en eenvoudig delen van bestanden. Het is nu mogelijk om commentaar te geven of te annoteren op een nieuw of bestaand PDF-bestand. U kunt ook eenvoudig interactieve formulieren invullen; en handmatig uw handtekening en opmerkingen toevoegen aan niet-interactieve handtekeningen.<\/p>\n<p><strong>Unzi<\/strong><\/p>\n<p>Open alle belangrijke compressie-indelingen, waaronder Zip, Zipx, RAR, 7z, TAR, GZIP, VHD, XZ, POSIX TAR en meer.<\/p>\n<p><strong>Encrypt<\/strong><\/p>\n<p>Versleutel bestanden tijdens het zippen om informatie en gegevens te beveiligen. Maak alleen-lezen pdf\u2019s en voeg watermerken toe om kopi\u00ebren te voorkomen.<\/p>\n<p><strong>Manage<\/strong><\/p>\n<p>Vind, open, bewerk, verplaats en deel uw bestanden, of ze nu op uw computer, netwerk of cloudservice staan.<\/p>\n<p><strong>Share<\/strong><\/p>\n<p>Deel grote bestanden via e-mail, cloudservices, sociale media en instant messaging.<\/p>\n<p><img loading=\"lazy\" decoding=\"async\" class=\" wp-image-3970 alignleft\" src=\"https:\/\/cd-e.com\/assets\/uploads\/unzip.png\" alt=\"\" width=\"55\" height=\"55\" srcset=\"https:\/\/cd-e.com\/assets\/uploads\/unzip.png 117w, https:\/\/cd-e.com\/assets\/uploads\/unzip-100x100.png 100w, https:\/\/cd-e.com\/assets\/uploads\/unzip-64x64.png 64w\" sizes=\"(max-width: 55px) 100vw, 55px\" \/>Unzip<br \/>\nOpen alle belangrijke compressie-indelingen, waaronder Zip, Zipx, RAR, 7z, TAR, GZIP, VHD, XZ, POSIX TAR en meer.<\/p>\n<p><img loading=\"lazy\" decoding=\"async\" class=\" wp-image-3972 alignleft\" src=\"https:\/\/cd-e.com\/assets\/uploads\/encrypt.png\" alt=\"\" width=\"55\" height=\"55\" srcset=\"https:\/\/cd-e.com\/assets\/uploads\/encrypt.png 117w, https:\/\/cd-e.com\/assets\/uploads\/encrypt-100x100.png 100w, https:\/\/cd-e.com\/assets\/uploads\/encrypt-64x64.png 64w\" sizes=\"(max-width: 55px) 100vw, 55px\" \/>Encrypt<br \/>\nVersleutel bestanden tijdens het zippen om informatie en gegevens te beveiligen. Maak alleen-lezen pdf&#8217;s en voeg watermerken toe om kopi\u00ebren te voorkomen.<\/p>\n<p><img loading=\"lazy\" decoding=\"async\" class=\"wp-image-3974 alignleft\" src=\"https:\/\/cd-e.com\/assets\/uploads\/manage.png\" alt=\"\" width=\"55\" height=\"55\" srcset=\"https:\/\/cd-e.com\/assets\/uploads\/manage.png 117w, https:\/\/cd-e.com\/assets\/uploads\/manage-100x100.png 100w, https:\/\/cd-e.com\/assets\/uploads\/manage-64x64.png 64w\" sizes=\"(max-width: 55px) 100vw, 55px\" \/>Manage<br \/>\nVind, open, bewerk, verplaats en deel uw bestanden, of ze nu op uw computer, netwerk of cloudservice staan.<\/p>\n<p><img loading=\"lazy\" decoding=\"async\" class=\" wp-image-3976 alignleft\" src=\"https:\/\/cd-e.com\/assets\/uploads\/share.png\" alt=\"\" width=\"55\" height=\"55\" srcset=\"https:\/\/cd-e.com\/assets\/uploads\/share.png 117w, https:\/\/cd-e.com\/assets\/uploads\/share-100x100.png 100w, https:\/\/cd-e.com\/assets\/uploads\/share-64x64.png 64w\" sizes=\"(max-width: 55px) 100vw, 55px\" \/>Share<br \/>\nDeel grote bestanden via e-mail, cloudservices, sociale media en instant messaging.<\/p>\n<p>&nbsp;<\/p>\n<h2>WinZip Pro-apps<\/h2>\n<p>Ervaar productiviteit die verder gaat dan compressie met exclusieve Pro-apps binnen handbereik.<\/p>\n<p><strong>WinZip\u00ae SafeShare (Standaard, Pro en Enterprise)<\/strong><\/p>\n<p>Een gemoderniseerde deelervaring. Deel uw bestanden met vertrouwen en veiligheid in een intu\u00eftieve omgeving die is gebouwd met eenvoud in gedachten. Met deze krachtige tool voor delen kunt u delen, comprimeren en coderen, allemaal binnen een eenvoudige interface. Deel eenvoudig bestanden naar een of meer locaties, omgeven door extra beveiligingslagen, waaronder versleuteling op militair niveau en mogelijkheden voor tijdbommen.<\/p>\n<p><strong>WinZip\u00ae Dubbele bestandenzoeker (Standaard, Pro en Enterprise)<\/strong><\/p>\n<p>Bespaar kostbare tijd en ruimte op uw computer met het geheel nieuwe deduplicatiehulpprogramma, nu als desktop-app. Dubbele bestanden blijven vaak onopgemerkt en het handmatig identificeren van duplicaten kan tijdrovend en complex zijn. WinZip (Standaard, Pro en Enterprise) biedt een snelle en moeiteloze oplossing, compleet met voorinstellingen en automatiseringsopties en aanpasbare detectie- en verificatiemeldingen voor extra veiligheid.<\/p>\n<p><strong>WinZip\u00ae PDF Express (Pro\/Enterprise)<\/strong><\/p>\n<p>Veel meer dan een standaard PDF-lezer, nu met verbeterde prestaties en bruikbaarheid. Multifunctionele mogelijkheden omvatten het exporteren van een PDF naar Word, een afbeeldingsbestand of het maken van een PDF van elk document. Herschik pagina\u2019s, voeg pagina\u2019s toe of verwijder ze en combineer eenvoudig meerdere documenten in \u00e9\u00e9n PDF. Voeg een aangepast watermerk toe, beveilig en deel overal.<\/p>\n<p><strong>WinZip\u00ae Image Manager (Pro\/Enterprise)<\/strong><\/p>\n<p>Nu met verbeterde prestaties en bruikbaarheid. Organiseer, deel en beveilig al uw foto\u2019s met vertrouwen in \u00e9\u00e9n speciale app. Converteer eenvoudig formaten, roteer, vergroot of verklein en snijd bij voor enkele of meerdere afbeeldingen. Dankzij de verbeterde beveiliging kunt u camera-informatie en EXIF-gegevens, inclusief GPS-locatie, verwijderen, samen met verliesvrije compressie en codering op bankniveau.<\/p>\n<p>&nbsp;<\/p>\n<p style=\"text-align: center;\"><strong>Versie vergelijking<\/strong><\/p>\n<p><img loading=\"lazy\" decoding=\"async\" class=\"alignnone wp-image-4799\" src=\"https:\/\/cd-e.com\/assets\/uploads\/\/compare_standard-pro-enterprise-902x1024.png\" alt=\"\" width=\"1023\" height=\"1161\" srcset=\"https:\/\/cd-e.com\/assets\/uploads\/compare_standard-pro-enterprise-902x1024.png 902w, https:\/\/cd-e.com\/assets\/uploads\/compare_standard-pro-enterprise-264x300.png 264w, https:\/\/cd-e.com\/assets\/uploads\/compare_standard-pro-enterprise-768x872.png 768w, https:\/\/cd-e.com\/assets\/uploads\/compare_standard-pro-enterprise-1080x1226.png 1080w, https:\/\/cd-e.com\/assets\/uploads\/compare_standard-pro-enterprise-1280x1453.png 1280w, https:\/\/cd-e.com\/assets\/uploads\/compare_standard-pro-enterprise-980x1112.png 980w, https:\/\/cd-e.com\/assets\/uploads\/compare_standard-pro-enterprise-480x545.png 480w, https:\/\/cd-e.com\/assets\/uploads\/compare_standard-pro-enterprise-600x681.png 600w, https:\/\/cd-e.com\/assets\/uploads\/compare_standard-pro-enterprise-64x73.png 64w, https:\/\/cd-e.com\/assets\/uploads\/compare_standard-pro-enterprise.png 1296w\" sizes=\"(max-width: 1023px) 100vw, 1023px\" \/><\/p>\n<p>&nbsp;<\/p>\n<h2>Systeemvereisten<\/h2>\n<p>Besturingssysteem-compatibiliteit<\/p>\n<ul>\n<li>Windows 11 en 10 64-bit<\/li>\n<\/ul>\n<p>Minimale processor<\/p>\n<ul>\n<li>1 gigahertz (GHz) of sneller<\/li>\n<\/ul>\n<p>Minimaal geheugen<\/p>\n<ul>\n<li>1 gigabyte (GB) voor 32-bits of 2 GB voor 64-bits<\/li>\n<\/ul>\n<p>Schijfruimte<\/p>\n<ul>\n<li>235MB<\/li>\n<\/ul>\n<p>Aanvullende specificaties<\/p>\n<ul>\n<li>.NET-versie 4.6<\/li>\n<li>Minimale webbrowserversie: Microsoft Edge<\/li>\n<li>Minimale grafische hardware\/software: DirectX 9 of hoger met WDDM 1.0-stuurprogramma<\/li>\n<li>Minimale weergaveresolutie: 800 x 600<\/li>\n<li>Voor licenties voor \u00e9\u00e9n gebruiker is een actieve internetverbinding vereist.<\/li>\n<\/ul>\n<h3>Implementeer goed bestandsbeheer<\/h3>\n<p>Verbeter vandaag nog uw bestandsbeheer door WinZip Standard, Pro of Enterprise te bestellen bij een <a href=\"https:\/\/cd-e.com\/nl\/\">softwareleverancier<\/a> als wij. Ons <a href=\"https:\/\/cd-e.com\/nl\/winkel\/\">aanbod van hoogwaardige software<\/a> zorgt ervoor dat u toegang krijgt tot de beste hulpmiddelen voor uw werkzaamheden. Of het nu gaat om het comprimeren van grote bestanden, het beveiligen van gevoelige data, of het effici\u00ebnt delen van documenten, WinZip Standard, Pro of Enterprise is de oplossing. Daarnaast bieden we ook <a href=\"https:\/\/cd-e.com\/nl\/product-categorie\/cad-nl\/\">CAD-software<\/a> aan. Schaf bijvoorbeeld <a href=\"https:\/\/cd-e.com\/nl\/product\/turbocad-mac-14-pro\/\">TurboCAD voor Mac<\/a> aan voor uw ontwerpproject.<\/p>\n","protected":false},"excerpt":{"rendered":"<p>Gebruik \u2019s werelds toonaangevende zip-hulpprogramma: WinZip 28. Dit is de complete oplossing voor bestandsbeheer, inclusief exclusieve WinZip-productiviteitsapps. WinZip Standard wordt door CD &amp; E Distribution beschikbaar gemaakt voor iedereen, of u nu een zakelijke gebruiker bent of de software priv\u00e9 nodig heeft. U kiest eenvoudig het licentietype dat u wenst: WinZip Standard, Pro of Enterprise.<\/p>\n","protected":false},"featured_media":3969,"comment_status":"closed","ping_status":"closed","template":"","meta":{"_et_pb_use_builder":"","_et_pb_old_content":"","_et_gb_content_width":""},"product_cat":[241],"product_tag":[],"class_list":{"0":"post-4817","1":"product","2":"type-product","3":"status-publish","4":"has-post-thumbnail","6":"product_cat-utilities-nl","7":"pa_license-type-enterprise-nl","8":"pa_license-type-pro-nl","9":"pa_license-type-standard-nl","11":"first","12":"instock","13":"taxable","14":"shipping-taxable","15":"purchasable","16":"product-type-variable","17":"has-default-attributes"},"yoast_head":"<!-- This site is optimized with the Yoast SEO plugin v24.4 - https:\/\/yoast.com\/wordpress\/plugins\/seo\/ -->\n<title>WinZip 28 - CD &amp; E Distribution<\/title>\n<meta name=\"description\" content=\"WinZip standard, pro and enterprise to unzip, encrypt manage and share your files with a new set of tools.\" \/>\n<meta name=\"robots\" content=\"index, follow, max-snippet:-1, max-image-preview:large, max-video-preview:-1\" \/>\n<link rel=\"canonical\" href=\"https:\/\/cd-e.com\/nl\/product\/winzip-28\/\" \/>\n<meta property=\"og:locale\" content=\"nl_NL\" \/>\n<meta property=\"og:type\" content=\"article\" \/>\n<meta property=\"og:title\" content=\"WinZip 28 - CD &amp; E Distribution\" \/>\n<meta property=\"og:description\" content=\"WinZip standard, pro and enterprise to unzip, encrypt manage and share your files with a new set of tools.\" \/>\n<meta property=\"og:url\" content=\"https:\/\/cd-e.com\/nl\/product\/winzip-28\/\" \/>\n<meta property=\"og:site_name\" content=\"CD &amp; E Distribution\" \/>\n<meta property=\"article:modified_time\" content=\"2024-03-15T08:43:59+00:00\" \/>\n<meta property=\"og:image\" content=\"https:\/\/cd-e.com\/assets\/uploads\/WinZip-box.jpg\" \/>\n\t<meta property=\"og:image:width\" content=\"1250\" \/>\n\t<meta property=\"og:image:height\" content=\"1250\" \/>\n\t<meta property=\"og:image:type\" content=\"image\/jpeg\" \/>\n<meta name=\"twitter:card\" content=\"summary_large_image\" \/>\n<meta name=\"twitter:label1\" content=\"Geschatte leestijd\" \/>\n\t<meta name=\"twitter:data1\" content=\"7 minuten\" \/>\n<script type=\"application\/ld+json\" class=\"yoast-schema-graph\">{\"@context\":\"https:\/\/schema.org\",\"@graph\":[{\"@type\":\"WebPage\",\"@id\":\"https:\/\/cd-e.com\/nl\/product\/winzip-28\/\",\"url\":\"https:\/\/cd-e.com\/nl\/product\/winzip-28\/\",\"name\":\"WinZip 28 - CD &amp; E Distribution\",\"isPartOf\":{\"@id\":\"https:\/\/cd-e.com\/nl\/#website\"},\"primaryImageOfPage\":{\"@id\":\"https:\/\/cd-e.com\/nl\/product\/winzip-28\/#primaryimage\"},\"image\":{\"@id\":\"https:\/\/cd-e.com\/nl\/product\/winzip-28\/#primaryimage\"},\"thumbnailUrl\":\"https:\/\/cd-e.com\/assets\/uploads\/WinZip-box.jpg\",\"datePublished\":\"2023-11-21T13:56:45+00:00\",\"dateModified\":\"2024-03-15T08:43:59+00:00\",\"description\":\"WinZip standard, pro and enterprise to unzip, encrypt manage and share your files with a new set of tools.\",\"breadcrumb\":{\"@id\":\"https:\/\/cd-e.com\/nl\/product\/winzip-28\/#breadcrumb\"},\"inLanguage\":\"nl-NL\",\"potentialAction\":[{\"@type\":\"ReadAction\",\"target\":[\"https:\/\/cd-e.com\/nl\/product\/winzip-28\/\"]}]},{\"@type\":\"ImageObject\",\"inLanguage\":\"nl-NL\",\"@id\":\"https:\/\/cd-e.com\/nl\/product\/winzip-28\/#primaryimage\",\"url\":\"https:\/\/cd-e.com\/assets\/uploads\/WinZip-box.jpg\",\"contentUrl\":\"https:\/\/cd-e.com\/assets\/uploads\/WinZip-box.jpg\",\"width\":1250,\"height\":1250},{\"@type\":\"BreadcrumbList\",\"@id\":\"https:\/\/cd-e.com\/nl\/product\/winzip-28\/#breadcrumb\",\"itemListElement\":[{\"@type\":\"ListItem\",\"position\":1,\"name\":\"Home\",\"item\":\"https:\/\/cd-e.com\/nl\/\"},{\"@type\":\"ListItem\",\"position\":2,\"name\":\"Winkel\",\"item\":\"https:\/\/cd-e.com\/nl\/winkel\/\"},{\"@type\":\"ListItem\",\"position\":3,\"name\":\"WinZip 28\"}]},{\"@type\":\"WebSite\",\"@id\":\"https:\/\/cd-e.com\/nl\/#website\",\"url\":\"https:\/\/cd-e.com\/nl\/\",\"name\":\"CD &amp; E Distribution\",\"description\":\"\",\"publisher\":{\"@id\":\"https:\/\/cd-e.com\/nl\/#organization\"},\"potentialAction\":[{\"@type\":\"SearchAction\",\"target\":{\"@type\":\"EntryPoint\",\"urlTemplate\":\"https:\/\/cd-e.com\/nl\/?s={search_term_string}\"},\"query-input\":{\"@type\":\"PropertyValueSpecification\",\"valueRequired\":true,\"valueName\":\"search_term_string\"}}],\"inLanguage\":\"nl-NL\"},{\"@type\":\"Organization\",\"@id\":\"https:\/\/cd-e.com\/nl\/#organization\",\"name\":\"CD & E Distribution\",\"url\":\"https:\/\/cd-e.com\/nl\/\",\"logo\":{\"@type\":\"ImageObject\",\"inLanguage\":\"nl-NL\",\"@id\":\"https:\/\/cd-e.com\/nl\/#\/schema\/logo\/image\/\",\"url\":\"https:\/\/cd-e.com\/assets\/uploads\/Logo_CDE_wit.png\",\"contentUrl\":\"https:\/\/cd-e.com\/assets\/uploads\/Logo_CDE_wit.png\",\"width\":209,\"height\":65,\"caption\":\"CD & E Distribution\"},\"image\":{\"@id\":\"https:\/\/cd-e.com\/nl\/#\/schema\/logo\/image\/\"}}]}<\/script>\n<!-- \/ Yoast SEO plugin. -->","yoast_head_json":{"title":"WinZip 28 - CD &amp; E Distribution","description":"WinZip standard, pro and enterprise to unzip, encrypt manage and share your files with a new set of tools.","robots":{"index":"index","follow":"follow","max-snippet":"max-snippet:-1","max-image-preview":"max-image-preview:large","max-video-preview":"max-video-preview:-1"},"canonical":"https:\/\/cd-e.com\/nl\/product\/winzip-28\/","og_locale":"nl_NL","og_type":"article","og_title":"WinZip 28 - CD &amp; E Distribution","og_description":"WinZip standard, pro and enterprise to unzip, encrypt manage and share your files with a new set of tools.","og_url":"https:\/\/cd-e.com\/nl\/product\/winzip-28\/","og_site_name":"CD &amp; E Distribution","article_modified_time":"2024-03-15T08:43:59+00:00","og_image":[{"width":1250,"height":1250,"url":"https:\/\/cd-e.com\/assets\/uploads\/WinZip-box.jpg","type":"image\/jpeg"}],"twitter_card":"summary_large_image","twitter_misc":{"Geschatte leestijd":"7 minuten"},"schema":{"@context":"https:\/\/schema.org","@graph":[{"@type":"WebPage","@id":"https:\/\/cd-e.com\/nl\/product\/winzip-28\/","url":"https:\/\/cd-e.com\/nl\/product\/winzip-28\/","name":"WinZip 28 - CD &amp; E Distribution","isPartOf":{"@id":"https:\/\/cd-e.com\/nl\/#website"},"primaryImageOfPage":{"@id":"https:\/\/cd-e.com\/nl\/product\/winzip-28\/#primaryimage"},"image":{"@id":"https:\/\/cd-e.com\/nl\/product\/winzip-28\/#primaryimage"},"thumbnailUrl":"https:\/\/cd-e.com\/assets\/uploads\/WinZip-box.jpg","datePublished":"2023-11-21T13:56:45+00:00","dateModified":"2024-03-15T08:43:59+00:00","description":"WinZip standard, pro and enterprise to unzip, encrypt manage and share your files with a new set of tools.","breadcrumb":{"@id":"https:\/\/cd-e.com\/nl\/product\/winzip-28\/#breadcrumb"},"inLanguage":"nl-NL","potentialAction":[{"@type":"ReadAction","target":["https:\/\/cd-e.com\/nl\/product\/winzip-28\/"]}]},{"@type":"ImageObject","inLanguage":"nl-NL","@id":"https:\/\/cd-e.com\/nl\/product\/winzip-28\/#primaryimage","url":"https:\/\/cd-e.com\/assets\/uploads\/WinZip-box.jpg","contentUrl":"https:\/\/cd-e.com\/assets\/uploads\/WinZip-box.jpg","width":1250,"height":1250},{"@type":"BreadcrumbList","@id":"https:\/\/cd-e.com\/nl\/product\/winzip-28\/#breadcrumb","itemListElement":[{"@type":"ListItem","position":1,"name":"Home","item":"https:\/\/cd-e.com\/nl\/"},{"@type":"ListItem","position":2,"name":"Winkel","item":"https:\/\/cd-e.com\/nl\/winkel\/"},{"@type":"ListItem","position":3,"name":"WinZip 28"}]},{"@type":"WebSite","@id":"https:\/\/cd-e.com\/nl\/#website","url":"https:\/\/cd-e.com\/nl\/","name":"CD &amp; E Distribution","description":"","publisher":{"@id":"https:\/\/cd-e.com\/nl\/#organization"},"potentialAction":[{"@type":"SearchAction","target":{"@type":"EntryPoint","urlTemplate":"https:\/\/cd-e.com\/nl\/?s={search_term_string}"},"query-input":{"@type":"PropertyValueSpecification","valueRequired":true,"valueName":"search_term_string"}}],"inLanguage":"nl-NL"},{"@type":"Organization","@id":"https:\/\/cd-e.com\/nl\/#organization","name":"CD & E Distribution","url":"https:\/\/cd-e.com\/nl\/","logo":{"@type":"ImageObject","inLanguage":"nl-NL","@id":"https:\/\/cd-e.com\/nl\/#\/schema\/logo\/image\/","url":"https:\/\/cd-e.com\/assets\/uploads\/Logo_CDE_wit.png","contentUrl":"https:\/\/cd-e.com\/assets\/uploads\/Logo_CDE_wit.png","width":209,"height":65,"caption":"CD & E Distribution"},"image":{"@id":"https:\/\/cd-e.com\/nl\/#\/schema\/logo\/image\/"}}]}},"_links":{"self":[{"href":"https:\/\/cd-e.com\/nl\/wp-json\/wp\/v2\/product\/4817","targetHints":{"allow":["GET"]}}],"collection":[{"href":"https:\/\/cd-e.com\/nl\/wp-json\/wp\/v2\/product"}],"about":[{"href":"https:\/\/cd-e.com\/nl\/wp-json\/wp\/v2\/types\/product"}],"replies":[{"embeddable":true,"href":"https:\/\/cd-e.com\/nl\/wp-json\/wp\/v2\/comments?post=4817"}],"wp:featuredmedia":[{"embeddable":true,"href":"https:\/\/cd-e.com\/nl\/wp-json\/wp\/v2\/media\/3969"}],"wp:attachment":[{"href":"https:\/\/cd-e.com\/nl\/wp-json\/wp\/v2\/media?parent=4817"}],"wp:term":[{"taxonomy":"product_cat","embeddable":true,"href":"https:\/\/cd-e.com\/nl\/wp-json\/wp\/v2\/product_cat?post=4817"},{"taxonomy":"product_tag","embeddable":true,"href":"https:\/\/cd-e.com\/nl\/wp-json\/wp\/v2\/product_tag?post=4817"}],"curies":[{"name":"wp","href":"https:\/\/api.w.org\/{rel}","templated":true}]}}