{"id":5343,"date":"2024-11-10T16:58:01","date_gmt":"2024-11-10T15:59:03","guid":{"rendered":"https:\/\/cd-e.com\/?post_type=product&#038;p=5343"},"modified":"2024-11-12T11:02:22","modified_gmt":"2024-11-12T10:02:22","slug":"acdsee-gemstone-14-photo-editor","status":"publish","type":"product","link":"https:\/\/cd-e.com\/nl\/product\/acdsee-gemstone-14-photo-editor\/","title":{"rendered":"ACDSee Gemstone 14 Photo Editor"},"content":{"rendered":"<p>&nbsp;<\/p>\n<p><strong>Wat is er nieuw in Gemstone 14 Photo Editor<\/strong><\/p>\n<p>AI Face Edit<br \/>\nGemstone&#8217;s AI Face Edit filter biedt gepersonaliseerde portretretouchering, waarbij de uniekheid van elk individu wordt herkend. Met volledige controle over de bewerkingen, pas je de gelaatstrekken aan en verbeter je de natuurlijke schoonheid met een verscheidenheid aan tools voor accentueren en contouren, het gladstrijken van de huid, het bleken van ogen en tanden en nog veel meer. Sla aangepaste presets op voor effici\u00ebnt retoucheren van meerdere foto&#8217;s, wat de workflow versnelt.<\/p>\n<p><img loading=\"lazy\" decoding=\"async\" class=\"alignnone size-full wp-image-5322\" src=\"https:\/\/cd-e.com\/assets\/uploads\/AI-Face-Edit-2.png\" alt=\"ACDSee Gemstone Photo Editor 14 ACDSee Gemstone 14 Photo Editor 14\" width=\"690\" height=\"455\" srcset=\"https:\/\/cd-e.com\/assets\/uploads\/AI-Face-Edit-2.png 690w, https:\/\/cd-e.com\/assets\/uploads\/AI-Face-Edit-2-480x317.png 480w\" sizes=\"(min-width: 0px) and (max-width: 480px) 480px, (min-width: 481px) 690px, 100vw\" \/><\/p>\n<p>&nbsp;<\/p>\n<p>AI Hemelvervanging<br \/>\nDetecteer en vervang automatisch de lucht in elke foto, wat resulteert in een natuurlijk ogende compositie dankzij voorgrondaanpassingen en reflectieopties voor water. Gebruik een van de vele voorge\u00efnstalleerde luchten, zoals zonsondergang, storm- en nachthemel, om je stoutste dromen om te zetten in de realiteit van je horizon. Nieuw in Gemstone 14 Photo Editor.<\/p>\n<p><img loading=\"lazy\" decoding=\"async\" class=\"alignnone size-full wp-image-5324\" src=\"https:\/\/cd-e.com\/assets\/uploads\/AI-Sky-replacement-1.png\" alt=\"\" width=\"688\" height=\"454\" srcset=\"https:\/\/cd-e.com\/assets\/uploads\/AI-Sky-replacement-1.png 688w, https:\/\/cd-e.com\/assets\/uploads\/AI-Sky-replacement-1-480x317.png 480w\" sizes=\"(min-width: 0px) and (max-width: 480px) 480px, (min-width: 481px) 688px, 100vw\" \/><\/p>\n<p>&nbsp;<\/p>\n<p>Niet-destructieve AI-masking<br \/>\nBespaar talloze uren aan het bewerken van je foto&#8217;s, inclusief RAW-bestanden, door AI Sky, AI Subject en AI Background te gebruiken om snel selectiemaskers te maken op luchten, onderwerpen en achtergronden met \u00e9\u00e9n klik. Met deze selectiemaskers kun je gemakkelijk specifieke delen van je foto&#8217;s bewerken, terwijl het originele bestand behouden blijft. Zo haal je het beste in je foto&#8217;s naar boven op een niet-destructieve manier.<\/p>\n<p><img loading=\"lazy\" decoding=\"async\" class=\"alignnone size-large wp-image-5326\" src=\"https:\/\/cd-e.com\/assets\/uploads\/\/Non-Destructive-AI-Masking-1024x187.png\" alt=\"\" width=\"1024\" height=\"187\" srcset=\"https:\/\/cd-e.com\/assets\/uploads\/Non-Destructive-AI-Masking-1024x187.png 1024w, https:\/\/cd-e.com\/assets\/uploads\/Non-Destructive-AI-Masking-300x55.png 300w, https:\/\/cd-e.com\/assets\/uploads\/Non-Destructive-AI-Masking-768x140.png 768w, https:\/\/cd-e.com\/assets\/uploads\/Non-Destructive-AI-Masking-1080x197.png 1080w, https:\/\/cd-e.com\/assets\/uploads\/Non-Destructive-AI-Masking-1280x233.png 1280w, https:\/\/cd-e.com\/assets\/uploads\/Non-Destructive-AI-Masking-980x179.png 980w, https:\/\/cd-e.com\/assets\/uploads\/Non-Destructive-AI-Masking-480x88.png 480w, https:\/\/cd-e.com\/assets\/uploads\/Non-Destructive-AI-Masking-600x109.png 600w, https:\/\/cd-e.com\/assets\/uploads\/Non-Destructive-AI-Masking-64x12.png 64w, https:\/\/cd-e.com\/assets\/uploads\/Non-Destructive-AI-Masking.png 1442w\" sizes=\"(max-width: 1024px) 100vw, 1024px\" \/><\/p>\n<p>&nbsp;<\/p>\n<p>Masking Paneel<br \/>\nBewaar al je ACDSee RAW selectiemaskers op \u00e9\u00e9n handige plek! Het maskeerpaneel bevat opties voor het dupliceren, converteren, kopi\u00ebren en plakken van selectiemaskers waarmee het organiseren van je maskers eenvoudiger dan ooit wordt.<\/p>\n<p>AI object selectiegereedschap<br \/>\nMet het AI-objectselectiegereedschap omlijn je ruwweg meerdere objecten die je wilt selecteren en laat je AI de rest doen. Het gereedschap maakt automatisch nauwkeurige selecties rond de omlijnde objecten, waardoor u tijd bespaart en objecten niet handmatig hoeft uit te snijden.<\/p>\n<p><img loading=\"lazy\" decoding=\"async\" class=\"alignnone size-full wp-image-5328\" src=\"https:\/\/cd-e.com\/assets\/uploads\/AI-Object-Selection-Tool.png\" alt=\"ACDSee Gemstone Photo Editor 14 ACDSee Gemstone 14 Photo Editor 14\" width=\"673\" height=\"440\" srcset=\"https:\/\/cd-e.com\/assets\/uploads\/AI-Object-Selection-Tool.png 673w, https:\/\/cd-e.com\/assets\/uploads\/AI-Object-Selection-Tool-480x314.png 480w\" sizes=\"(min-width: 0px) and (max-width: 480px) 480px, (min-width: 481px) 673px, 100vw\" \/><\/p>\n<p>AI-acties<br \/>\nVoer eenvoudig complexe taken uit zoals het selecteren van de achtergrond, lucht of het onderwerp, het verwijderen of vervagen van de achtergrond of het toepassen van een zwarte en witte achtergrond in je afbeelding, allemaal met \u00e9\u00e9n AI-klik.<\/p>\n<p>Panoramisch hechten<br \/>\nStel de perfecte panoramafoto samen door meerdere beelden te combineren met Panoramic Stitching. Gemstone corrigeert automatisch ongewenste vignettering op afzonderlijke beelden voor naadloze resultaten.<\/p>\n<p>Kanaalselectie<br \/>\nVerfraai je foto&#8217;s met Kanaalselectie, waarmee je kleuren, contrasten en toonbereik kunt verfijnen met precisieregeling over afzonderlijke RGB-kanalen. Perfect voor levendige kleurcorrectie, opvallende contrastverbeteringen en boeiende artistieke effecten.<\/p>\n<p>Gelaagde afbeeldingen bewerken<br \/>\nLaat je creativiteit de vrije loop met lagen! Gebruik afbeeldingen, tekst, vormen, AI-bewerkingstools, laagmaskers, overvloeimodi en nog veel meer om je foto&#8217;s subtiel te verbeteren of drastisch te wijzigen. Maak artistieke composities of cre\u00eber alle gelaagde magie die je maar kunt bedenken. AI-acties zijn ontworpen om het onderwerp of de achtergrond met \u00e9\u00e9n klik te isoleren en maken onmiddellijke bewerking mogelijk om je foto&#8217;s snel van oninteressant naar ongelooflijk te maken.<\/p>\n<p><img loading=\"lazy\" decoding=\"async\" class=\"alignnone size-full wp-image-5330\" src=\"https:\/\/cd-e.com\/assets\/uploads\/Layered-Image-Editing.png\" alt=\"\" width=\"687\" height=\"454\" srcset=\"https:\/\/cd-e.com\/assets\/uploads\/Layered-Image-Editing.png 687w, https:\/\/cd-e.com\/assets\/uploads\/Layered-Image-Editing-480x317.png 480w\" sizes=\"(min-width: 0px) and (max-width: 480px) 480px, (min-width: 481px) 687px, 100vw\" \/><\/p>\n<p>&nbsp;<\/p>\n<p>RAW-fotobewerking<br \/>\nIntu\u00eftieve en niet-destructieve RAW-fotobewerking onder handbereik. Selecties maken en beheren gaat snel en effici\u00ebnt dankzij het nieuwe Masking-paneel. Hier vind je de vertrouwde selectiegereedschappen als &#8211; Penseel, Lineair verloop en Radiaal verloop &#8211; plus nieuwe selectiegereedschappen met \u00e9\u00e9n klik &#8211; AI Subject, AI Background en AI Sky &#8211; om de complexe selecties te maken die je nodig hebt. Pas je selectiemaskers op elk gewenst moment aan en gebruik ze om verschillende aanpassingen toe te passen op geselecteerde delen van je afbeelding. Gereedschappen zoals kleur- en toonwielen, Light EQ\u2122, ruisonderdrukking en meer geven je de mogelijkheid om kleuren te corrigeren, belichting te corrigeren, te herstellen en de beeldkwaliteit te herstellen, allemaal zonder de originele afbeelding permanent te wijzigen.<\/p>\n<p><img loading=\"lazy\" decoding=\"async\" class=\"alignnone size-full wp-image-5334\" src=\"https:\/\/cd-e.com\/assets\/uploads\/RAW-Photo-Editing-1.png\" alt=\"\" width=\"685\" height=\"445\" srcset=\"https:\/\/cd-e.com\/assets\/uploads\/RAW-Photo-Editing-1.png 685w, https:\/\/cd-e.com\/assets\/uploads\/RAW-Photo-Editing-1-480x312.png 480w\" sizes=\"(min-width: 0px) and (max-width: 480px) 480px, (min-width: 481px) 685px, 100vw\" \/><\/p>\n<p>&nbsp;<\/p>\n<p>Interface voor meerdere documenten<br \/>\nVerhoog de productiviteit door meerdere bestanden tegelijk te bewerken in de schone en overzichtelijke Multi-Document Interface (MDI) van Gemstone. Gebruik een gesplitste weergave of kindweergave en universele gereedschapsinstellingen op verschillende documenttabbladen voor extra effici\u00ebntie. De MDI is ideaal voor het maken van afbeeldingen met consistente branding in meerdere formaten.<\/p>\n<p><img loading=\"lazy\" decoding=\"async\" class=\"alignnone size-full wp-image-5336\" src=\"https:\/\/cd-e.com\/assets\/uploads\/Multi-Document-Interface.png\" alt=\"\" width=\"689\" height=\"456\" srcset=\"https:\/\/cd-e.com\/assets\/uploads\/Multi-Document-Interface.png 689w, https:\/\/cd-e.com\/assets\/uploads\/Multi-Document-Interface-480x318.png 480w\" sizes=\"(min-width: 0px) and (max-width: 480px) 480px, (min-width: 481px) 689px, 100vw\" \/><\/p>\n<p>&nbsp;<\/p>\n<p><strong>Systeemvereisten<\/strong><\/p>\n<p>Om je software te activeren, je abonnementen te valideren of toegang te krijgen tot online diensten, heb je een geldig e-mailadres en een internetverbinding nodig.<\/p>\n<p>Hardware<br \/>\n&#8211; Intel- of AMD-processor met 64-bits ondersteuning<br \/>\n&#8211; Intel i5 of betere processor aanbevolen<br \/>\n&#8211; 4 GB RAM (8 GB RAM of meer aanbevolen)<br \/>\n&#8211; 512 MB videogeheugen (VRAM)<br \/>\n&#8211; DirectX 10-compatibele grafische adapter<br \/>\n&#8211; 1280 x 800 beeldschermresolutie (1920 x 1080 aanbevolen)<br \/>\n&#8211; 4 GB beschikbare ruimte op de harde schijf<\/p>\n<p>Software<br \/>\n&#8211; Windows 10 (alleen 64-bits edities) &amp; Windows 11<br \/>\n&#8211; Microsoft Edge<br \/>\n&#8211; Microsoft DirectX 10 of hoger<\/p>\n<p>&nbsp;<\/p>\n","protected":false},"excerpt":{"rendered":"<p>Kunstmatige intelligentie (AI) ontmoet artisticiteit<br \/>\nACDSee Gemstone 14 Photo Editor is de creatieve softwareoplossing voor al uw grafische ontwerpen en beeldbewerking. Gemstone is licht en gebruiksvriendelijk ontworpen en combineert gebruiksvriendelijkheid met geavanceerde fotobewerkingsmogelijkheden om van u een artistieke krachtpatser te maken. Gemstone 14 Photo Editor is uitgerust met Artificial Intelligence (AI)-gestuurde functies, onbeperkte gelaagde bewerking, niet-destructieve RAW-beeldbewerking en een interface voor meerdere documenten, en is een inspirerende en vindingrijke krachtpatser.<\/p>\n<p>&nbsp;<\/p>\n","protected":false},"featured_media":5339,"comment_status":"closed","ping_status":"closed","template":"","meta":{"_et_pb_use_builder":"","_et_pb_old_content":"","_et_gb_content_width":""},"product_cat":[236,239],"product_tag":[],"class_list":{"0":"post-5343","1":"product","2":"type-product","3":"status-publish","4":"has-post-thumbnail","6":"product_cat-foto","7":"product_cat-graphics-nl","9":"first","10":"instock","11":"taxable","12":"shipping-taxable","13":"purchasable","14":"product-type-variable","15":"has-default-attributes"},"yoast_head":"<!-- This site is optimized with the Yoast SEO plugin v24.4 - https:\/\/yoast.com\/wordpress\/plugins\/seo\/ -->\n<title>ACDSee Gemstone 14 Photo Editor - CD &amp; E Distribution<\/title>\n<meta name=\"description\" content=\"ACDSee Gemstone Photo Editor 14 the RAW and layered Photo Editor with new IA driven functions for all your image post-processing needs.\" \/>\n<meta name=\"robots\" content=\"index, follow, max-snippet:-1, max-image-preview:large, max-video-preview:-1\" \/>\n<link rel=\"canonical\" href=\"https:\/\/cd-e.com\/nl\/product\/acdsee-gemstone-14-photo-editor\/\" \/>\n<meta property=\"og:locale\" content=\"nl_NL\" \/>\n<meta property=\"og:type\" content=\"article\" \/>\n<meta property=\"og:title\" content=\"ACDSee Gemstone 14 Photo Editor - CD &amp; E Distribution\" \/>\n<meta property=\"og:description\" content=\"ACDSee Gemstone Photo Editor 14 the RAW and layered Photo Editor with new IA driven functions for all your image post-processing needs.\" \/>\n<meta property=\"og:url\" content=\"https:\/\/cd-e.com\/nl\/product\/acdsee-gemstone-14-photo-editor\/\" \/>\n<meta property=\"og:site_name\" content=\"CD &amp; E Distribution\" \/>\n<meta property=\"article:modified_time\" content=\"2024-11-12T10:02:22+00:00\" \/>\n<meta property=\"og:image\" content=\"https:\/\/cd-e.com\/assets\/uploads\/Gemstone-Photo-Editor-14-box-1024x1024.png\" \/>\n\t<meta property=\"og:image:width\" content=\"1024\" \/>\n\t<meta property=\"og:image:height\" content=\"1024\" \/>\n\t<meta property=\"og:image:type\" content=\"image\/png\" \/>\n<meta name=\"twitter:card\" content=\"summary_large_image\" \/>\n<meta name=\"twitter:label1\" content=\"Geschatte leestijd\" \/>\n\t<meta name=\"twitter:data1\" content=\"5 minuten\" \/>\n<script type=\"application\/ld+json\" class=\"yoast-schema-graph\">{\"@context\":\"https:\/\/schema.org\",\"@graph\":[{\"@type\":\"WebPage\",\"@id\":\"https:\/\/cd-e.com\/nl\/product\/acdsee-gemstone-14-photo-editor\/\",\"url\":\"https:\/\/cd-e.com\/nl\/product\/acdsee-gemstone-14-photo-editor\/\",\"name\":\"ACDSee Gemstone 14 Photo Editor - CD &amp; E Distribution\",\"isPartOf\":{\"@id\":\"https:\/\/cd-e.com\/nl\/#website\"},\"primaryImageOfPage\":{\"@id\":\"https:\/\/cd-e.com\/nl\/product\/acdsee-gemstone-14-photo-editor\/#primaryimage\"},\"image\":{\"@id\":\"https:\/\/cd-e.com\/nl\/product\/acdsee-gemstone-14-photo-editor\/#primaryimage\"},\"thumbnailUrl\":\"https:\/\/cd-e.com\/assets\/uploads\/Gemstone-Photo-Editor-14-box.png\",\"datePublished\":\"2024-11-10T15:59:03+00:00\",\"dateModified\":\"2024-11-12T10:02:22+00:00\",\"description\":\"ACDSee Gemstone Photo Editor 14 the RAW and layered Photo Editor with new IA driven functions for all your image post-processing needs.\",\"breadcrumb\":{\"@id\":\"https:\/\/cd-e.com\/nl\/product\/acdsee-gemstone-14-photo-editor\/#breadcrumb\"},\"inLanguage\":\"nl-NL\",\"potentialAction\":[{\"@type\":\"ReadAction\",\"target\":[\"https:\/\/cd-e.com\/nl\/product\/acdsee-gemstone-14-photo-editor\/\"]}]},{\"@type\":\"ImageObject\",\"inLanguage\":\"nl-NL\",\"@id\":\"https:\/\/cd-e.com\/nl\/product\/acdsee-gemstone-14-photo-editor\/#primaryimage\",\"url\":\"https:\/\/cd-e.com\/assets\/uploads\/Gemstone-Photo-Editor-14-box.png\",\"contentUrl\":\"https:\/\/cd-e.com\/assets\/uploads\/Gemstone-Photo-Editor-14-box.png\",\"width\":1880,\"height\":1880,\"caption\":\"ACDSee Gemstone Photo Editor 14ACDSee Gemstone 14 Photo Editor 14\"},{\"@type\":\"BreadcrumbList\",\"@id\":\"https:\/\/cd-e.com\/nl\/product\/acdsee-gemstone-14-photo-editor\/#breadcrumb\",\"itemListElement\":[{\"@type\":\"ListItem\",\"position\":1,\"name\":\"Home\",\"item\":\"https:\/\/cd-e.com\/nl\/\"},{\"@type\":\"ListItem\",\"position\":2,\"name\":\"Winkel\",\"item\":\"https:\/\/cd-e.com\/nl\/winkel\/\"},{\"@type\":\"ListItem\",\"position\":3,\"name\":\"ACDSee Gemstone 14 Photo Editor\"}]},{\"@type\":\"WebSite\",\"@id\":\"https:\/\/cd-e.com\/nl\/#website\",\"url\":\"https:\/\/cd-e.com\/nl\/\",\"name\":\"CD &amp; E Distribution\",\"description\":\"\",\"publisher\":{\"@id\":\"https:\/\/cd-e.com\/nl\/#organization\"},\"potentialAction\":[{\"@type\":\"SearchAction\",\"target\":{\"@type\":\"EntryPoint\",\"urlTemplate\":\"https:\/\/cd-e.com\/nl\/?s={search_term_string}\"},\"query-input\":{\"@type\":\"PropertyValueSpecification\",\"valueRequired\":true,\"valueName\":\"search_term_string\"}}],\"inLanguage\":\"nl-NL\"},{\"@type\":\"Organization\",\"@id\":\"https:\/\/cd-e.com\/nl\/#organization\",\"name\":\"CD & E Distribution\",\"url\":\"https:\/\/cd-e.com\/nl\/\",\"logo\":{\"@type\":\"ImageObject\",\"inLanguage\":\"nl-NL\",\"@id\":\"https:\/\/cd-e.com\/nl\/#\/schema\/logo\/image\/\",\"url\":\"https:\/\/cd-e.com\/assets\/uploads\/Logo_CDE_wit.png\",\"contentUrl\":\"https:\/\/cd-e.com\/assets\/uploads\/Logo_CDE_wit.png\",\"width\":209,\"height\":65,\"caption\":\"CD & E Distribution\"},\"image\":{\"@id\":\"https:\/\/cd-e.com\/nl\/#\/schema\/logo\/image\/\"}}]}<\/script>\n<!-- \/ Yoast SEO plugin. -->","yoast_head_json":{"title":"ACDSee Gemstone 14 Photo Editor - CD &amp; E Distribution","description":"ACDSee Gemstone Photo Editor 14 the RAW and layered Photo Editor with new IA driven functions for all your image post-processing needs.","robots":{"index":"index","follow":"follow","max-snippet":"max-snippet:-1","max-image-preview":"max-image-preview:large","max-video-preview":"max-video-preview:-1"},"canonical":"https:\/\/cd-e.com\/nl\/product\/acdsee-gemstone-14-photo-editor\/","og_locale":"nl_NL","og_type":"article","og_title":"ACDSee Gemstone 14 Photo Editor - CD &amp; E Distribution","og_description":"ACDSee Gemstone Photo Editor 14 the RAW and layered Photo Editor with new IA driven functions for all your image post-processing needs.","og_url":"https:\/\/cd-e.com\/nl\/product\/acdsee-gemstone-14-photo-editor\/","og_site_name":"CD &amp; E Distribution","article_modified_time":"2024-11-12T10:02:22+00:00","og_image":[{"width":1024,"height":1024,"url":"https:\/\/cd-e.com\/assets\/uploads\/Gemstone-Photo-Editor-14-box-1024x1024.png","type":"image\/png"}],"twitter_card":"summary_large_image","twitter_misc":{"Geschatte leestijd":"5 minuten"},"schema":{"@context":"https:\/\/schema.org","@graph":[{"@type":"WebPage","@id":"https:\/\/cd-e.com\/nl\/product\/acdsee-gemstone-14-photo-editor\/","url":"https:\/\/cd-e.com\/nl\/product\/acdsee-gemstone-14-photo-editor\/","name":"ACDSee Gemstone 14 Photo Editor - CD &amp; E Distribution","isPartOf":{"@id":"https:\/\/cd-e.com\/nl\/#website"},"primaryImageOfPage":{"@id":"https:\/\/cd-e.com\/nl\/product\/acdsee-gemstone-14-photo-editor\/#primaryimage"},"image":{"@id":"https:\/\/cd-e.com\/nl\/product\/acdsee-gemstone-14-photo-editor\/#primaryimage"},"thumbnailUrl":"https:\/\/cd-e.com\/assets\/uploads\/Gemstone-Photo-Editor-14-box.png","datePublished":"2024-11-10T15:59:03+00:00","dateModified":"2024-11-12T10:02:22+00:00","description":"ACDSee Gemstone Photo Editor 14 the RAW and layered Photo Editor with new IA driven functions for all your image post-processing needs.","breadcrumb":{"@id":"https:\/\/cd-e.com\/nl\/product\/acdsee-gemstone-14-photo-editor\/#breadcrumb"},"inLanguage":"nl-NL","potentialAction":[{"@type":"ReadAction","target":["https:\/\/cd-e.com\/nl\/product\/acdsee-gemstone-14-photo-editor\/"]}]},{"@type":"ImageObject","inLanguage":"nl-NL","@id":"https:\/\/cd-e.com\/nl\/product\/acdsee-gemstone-14-photo-editor\/#primaryimage","url":"https:\/\/cd-e.com\/assets\/uploads\/Gemstone-Photo-Editor-14-box.png","contentUrl":"https:\/\/cd-e.com\/assets\/uploads\/Gemstone-Photo-Editor-14-box.png","width":1880,"height":1880,"caption":"ACDSee Gemstone Photo Editor 14ACDSee Gemstone 14 Photo Editor 14"},{"@type":"BreadcrumbList","@id":"https:\/\/cd-e.com\/nl\/product\/acdsee-gemstone-14-photo-editor\/#breadcrumb","itemListElement":[{"@type":"ListItem","position":1,"name":"Home","item":"https:\/\/cd-e.com\/nl\/"},{"@type":"ListItem","position":2,"name":"Winkel","item":"https:\/\/cd-e.com\/nl\/winkel\/"},{"@type":"ListItem","position":3,"name":"ACDSee Gemstone 14 Photo Editor"}]},{"@type":"WebSite","@id":"https:\/\/cd-e.com\/nl\/#website","url":"https:\/\/cd-e.com\/nl\/","name":"CD &amp; E Distribution","description":"","publisher":{"@id":"https:\/\/cd-e.com\/nl\/#organization"},"potentialAction":[{"@type":"SearchAction","target":{"@type":"EntryPoint","urlTemplate":"https:\/\/cd-e.com\/nl\/?s={search_term_string}"},"query-input":{"@type":"PropertyValueSpecification","valueRequired":true,"valueName":"search_term_string"}}],"inLanguage":"nl-NL"},{"@type":"Organization","@id":"https:\/\/cd-e.com\/nl\/#organization","name":"CD & E Distribution","url":"https:\/\/cd-e.com\/nl\/","logo":{"@type":"ImageObject","inLanguage":"nl-NL","@id":"https:\/\/cd-e.com\/nl\/#\/schema\/logo\/image\/","url":"https:\/\/cd-e.com\/assets\/uploads\/Logo_CDE_wit.png","contentUrl":"https:\/\/cd-e.com\/assets\/uploads\/Logo_CDE_wit.png","width":209,"height":65,"caption":"CD & E Distribution"},"image":{"@id":"https:\/\/cd-e.com\/nl\/#\/schema\/logo\/image\/"}}]}},"_links":{"self":[{"href":"https:\/\/cd-e.com\/nl\/wp-json\/wp\/v2\/product\/5343","targetHints":{"allow":["GET"]}}],"collection":[{"href":"https:\/\/cd-e.com\/nl\/wp-json\/wp\/v2\/product"}],"about":[{"href":"https:\/\/cd-e.com\/nl\/wp-json\/wp\/v2\/types\/product"}],"replies":[{"embeddable":true,"href":"https:\/\/cd-e.com\/nl\/wp-json\/wp\/v2\/comments?post=5343"}],"wp:featuredmedia":[{"embeddable":true,"href":"https:\/\/cd-e.com\/nl\/wp-json\/wp\/v2\/media\/5339"}],"wp:attachment":[{"href":"https:\/\/cd-e.com\/nl\/wp-json\/wp\/v2\/media?parent=5343"}],"wp:term":[{"taxonomy":"product_cat","embeddable":true,"href":"https:\/\/cd-e.com\/nl\/wp-json\/wp\/v2\/product_cat?post=5343"},{"taxonomy":"product_tag","embeddable":true,"href":"https:\/\/cd-e.com\/nl\/wp-json\/wp\/v2\/product_tag?post=5343"}],"curies":[{"name":"wp","href":"https:\/\/api.w.org\/{rel}","templated":true}]}}