{"id":5695,"date":"2025-05-14T22:02:55","date_gmt":"2025-05-14T21:03:35","guid":{"rendered":"https:\/\/cd-e.com\/?post_type=product&#038;p=5695"},"modified":"2025-05-14T22:03:35","modified_gmt":"2025-05-14T21:03:35","slug":"dwgsee-2026-viewer-editor","status":"publish","type":"product","link":"https:\/\/cd-e.com\/nl\/product\/dwgsee-2026-viewer-editor\/","title":{"rendered":"DWGSee 2026 Viewer &#038; Editor"},"content":{"rendered":"<p>&nbsp;<\/p>\n<p><strong>Wat is er nieuw in DWGSee 2026 Viewer &amp; Editor<\/strong><\/p>\n<p>DWGSee 2026 is meer dan een dwg-viewer, het is een snelle tekeneditor, converter, en versievergelijker.<\/p>\n<p>Tekenen<br \/>\nVele objecten zoals lijnen, polylijnen, cirkels, bogen en tekst kunnen eenvoudig worden toegevoegd aan je tekening.<\/p>\n<p>Wijzigen<br \/>\nObjecten zoals tekst, lijnen, lagen en blokattributen kunnen worden bewerkt, of klik met de rechtermuisknop om de objecteigenschappen te wijzigen.<\/p>\n<p>Annotatie<br \/>\nAnnotatie-objecten omvatten afmetingen, notities en worden vaak gebruikt om informatie aan je tekening toe te voegen.<\/p>\n<p><strong>Overige functies<\/strong><\/p>\n<p>DWGSee DWG Viewer is een lichte en snelle viewer, ontworpen om DWG\/DXF\/DWF-bestanden door te bladeren, bekijken, bewerken, meten en printen.<\/p>\n<p>Ondersteunde formaten<br \/>\nOndersteunt AutoCAD .dwg .dxf .dwf-bestanden, versie R14 tot de laatste 2026 en kan ook rasterafbeeldingsformaten openen-.bmp .jpg .png .gif .tif.<\/p>\n<p>Opslaan als<br \/>\nTekenbestanden opslaan als verschillende versies van dwg\/dxf-bestanden, inclusief R14- 2026. DWGSee heeft een ingebouwde AutoDWG-converter.<\/p>\n<p><img loading=\"lazy\" decoding=\"async\" class=\"alignnone size-full wp-image-5685\" src=\"https:\/\/cd-e.com\/assets\/uploads\/list-output_format.png\" alt=\"DWGSee Viewer &amp; Editor 2026 DWGSee 2026 Viewer &amp; Editor\" width=\"574\" height=\"235\" srcset=\"https:\/\/cd-e.com\/assets\/uploads\/list-output_format.png 574w, https:\/\/cd-e.com\/assets\/uploads\/list-output_format-480x197.png 480w\" sizes=\"(min-width: 0px) and (max-width: 480px) 480px, (min-width: 481px) 574px, 100vw\" \/><\/p>\n<p>&nbsp;<\/p>\n<p>Exporteren (Pro-versie)<br \/>\nExporteer tekeningen naar pdf en rasterafbeeldingen in een paar eenvoudige stappen. Goed voor het verspreiden van je ontwerpen of het beoordelen van tekeningen.<\/p>\n<p>Objecten meten (Smart-snap)<br \/>\nMeet lengte, hoek, radius, oppervlakte, klik en krijg gemeten waarden. Klik eenvoudig en nauwkeurig om entiteiten terminal, centrale of kruispunten te selecteren.<\/p>\n<p>Afdrukken en batchprinten<br \/>\nDWG\/DXF bestanden openen om af te drukken of meerdere tekenbestanden selecteren om af te drukken met een paar klikken. Ze hoeven niet allemaal te worden geopend.<\/p>\n<p>Tekening markeren<br \/>\nDwg bestanden behouden en opmerkingen toevoegen in een apart opmaakbestand of extra lagen, lijnen en teksten toevoegen aan het dwg-bestand.<\/p>\n<p>Tekeningen vergelijken<br \/>\nTwee versies van tekeningen tonen in gesplitste vensters, zoom en pan synchroniseren voor beide tekeningen, verschillen in tekeningen omlijsten en markeren.<\/p>\n<p><img loading=\"lazy\" decoding=\"async\" class=\"alignnone size-full wp-image-5687\" src=\"https:\/\/cd-e.com\/assets\/uploads\/compare-interface.png\" alt=\"DWGSee Viewer &amp; Editor 2026 DWGSee 2026 Viewer &amp; Editor\" width=\"504\" height=\"319\" srcset=\"https:\/\/cd-e.com\/assets\/uploads\/compare-interface.png 504w, https:\/\/cd-e.com\/assets\/uploads\/compare-interface-480x304.png 480w\" sizes=\"(min-width: 0px) and (max-width: 480px) 480px, (min-width: 481px) 504px, 100vw\" \/><\/p>\n<p>&nbsp;<\/p>\n<p><strong>Diverse functies<\/strong><\/p>\n<p>Tekst in tekening zoeken, lay-outs opslaan in individuele tekeningen, tekeningen coderen en beveiligen met een wachtwoord.<\/p>\n<p>Floating licentie beschikbaar<br \/>\nAls uw bedrijf veel werkstations heeft die meestal niet op DWGSee 2026 Viewer &amp; Editor draaien, dan bespaart de netwerklicentie kosten.<\/p>\n<p>Terminal server ondersteund<br \/>\nWerkt voor Citrix, XenApp. Window Terminal Server.<\/p>\n<p>Gespecialiseerde slimme functies<br \/>\nWe ontwikkelen een aantal slimme functies om sneller te werken.<\/p>\n<p>Som lijnlengte<br \/>\nSorteer lijnen op laag\/lijntype\/kleur of klik op lijnen selecteren om de som van de lijnlengtes te berekenen.<\/p>\n<p>Gebieden optellen<br \/>\nBereken de som van meerdere oppervlakten, extraheer de oppervlaktegegevens of voeg de tabel met oppervlaktegegevens in de huidige tekening in.<\/p>\n<p>Objecten tellen<br \/>\nAuto-check en tel gelijkwaardige blokken en symbolen in de tekening of selecteer de objecten om ze \u00e9\u00e9n voor \u00e9\u00e9n te tellen.<\/p>\n<p>Slim kopi\u00ebren<br \/>\nMet slim kopi\u00ebren kunt u de geselecteerde objecten door het kiezen van laag\/lijntype\/kleur kopi\u00ebren naar een nieuwe tekening.<\/p>\n<p>Tabel uitpakken<br \/>\nBewerk en extraheer tabelobjecten naar een csv-bestand. We ondersteunen ook het aanpassen van tabelsjablonen.<\/p>\n<p>Kopi\u00ebren naar Office<br \/>\nKopieer tekeningen en plak ze in Microsoft Word als vectorafbeelding. Je kunt de afbeeldingen ook delen met anderen.<\/p>\n<p>&nbsp;<\/p>\n<p><strong>Vergelijk DWGSee Viewer en DWGSee Pro<\/strong><\/p>\n<table style=\"width: 514px;\" width=\"515\">\n<tbody>\n<tr>\n<td style=\"width: 240.75px;\"><\/td>\n<td style=\"width: 141.641px; text-align: center;\"><strong>DWGSee Viewer<\/strong><\/td>\n<td style=\"width: 109.609px; text-align: center;\"><strong>DWGSee Pro<\/strong><\/td>\n<\/tr>\n<tr>\n<td style=\"width: 240.75px;\"><\/td>\n<td style=\"width: 141.641px;\"><\/td>\n<td style=\"width: 109.609px;\"><\/td>\n<\/tr>\n<tr>\n<td style=\"width: 240.75px;\"><\/td>\n<td style=\"width: 141.641px;\"><strong>Bestandsbewerking\u00a0<\/strong><\/td>\n<td style=\"width: 109.609px;\"><\/td>\n<\/tr>\n<tr>\n<td style=\"width: 240.75px;\">Open dwg\/dxf\/dwf<\/td>\n<td style=\"width: 141.641px; text-align: center;\">ja<\/td>\n<td style=\"width: 109.609px; text-align: center;\">ja<\/td>\n<\/tr>\n<tr>\n<td style=\"width: 240.75px;\">Nieuwe tekening maken<\/td>\n<td style=\"width: 141.641px; text-align: center;\">nee<\/td>\n<td style=\"width: 109.609px; text-align: center;\">ja<\/td>\n<\/tr>\n<tr>\n<td style=\"width: 240.75px;\">Tekening opslaan<\/td>\n<td style=\"width: 141.641px; text-align: center;\">nee<\/td>\n<td style=\"width: 109.609px; text-align: center;\">ja<\/td>\n<\/tr>\n<tr>\n<td style=\"width: 240.75px;\">Afdrukken\/Batch afdrukken<\/td>\n<td style=\"width: 141.641px; text-align: center;\">ja<\/td>\n<td style=\"width: 109.609px; text-align: center;\">ja<\/td>\n<\/tr>\n<tr>\n<td style=\"width: 240.75px;\">Exporteren als PDF\/afbeelding<\/td>\n<td style=\"width: 141.641px; text-align: center;\">nee<\/td>\n<td style=\"width: 109.609px; text-align: center;\">ja<\/td>\n<\/tr>\n<tr>\n<td style=\"width: 240.75px;\">Opslaan als dwf<\/td>\n<td style=\"width: 141.641px; text-align: center;\">nee<\/td>\n<td style=\"width: 109.609px; text-align: center;\">ja<\/td>\n<\/tr>\n<tr>\n<td style=\"width: 240.75px;\">Opslaan als verschillende versies dwg\/dxf<\/td>\n<td style=\"width: 141.641px; text-align: center;\">nee<\/td>\n<td style=\"width: 109.609px; text-align: center;\">ja<\/td>\n<\/tr>\n<tr>\n<td style=\"width: 240.75px;\">Tekening beveiligen<\/td>\n<td style=\"width: 141.641px; text-align: center;\">ja<\/td>\n<td style=\"width: 109.609px; text-align: center;\">ja<\/td>\n<\/tr>\n<tr>\n<td style=\"width: 240.75px;\">Slim kopi\u00ebren naar een nieuwe tekening<\/td>\n<td style=\"width: 141.641px; text-align: center;\">ja<\/td>\n<td style=\"width: 109.609px; text-align: center;\">ja<\/td>\n<\/tr>\n<tr>\n<td style=\"width: 240.75px;\">Etransmit<\/td>\n<td style=\"width: 141.641px; text-align: center;\">ja<\/td>\n<td style=\"width: 109.609px; text-align: center;\">ja<\/td>\n<\/tr>\n<tr>\n<td style=\"width: 240.75px;\">Browsermodus<\/td>\n<td style=\"width: 141.641px; text-align: center;\">ja<\/td>\n<td style=\"width: 109.609px; text-align: center;\">ja<\/td>\n<\/tr>\n<tr>\n<td style=\"width: 240.75px;\"><\/td>\n<td style=\"width: 141.641px;\"><\/td>\n<td style=\"width: 109.609px;\"><\/td>\n<\/tr>\n<tr>\n<td style=\"width: 240.75px;\"><\/td>\n<td style=\"width: 141.641px; text-align: center;\"><strong>Tekenen<\/strong><\/td>\n<td style=\"width: 109.609px;\"><\/td>\n<\/tr>\n<tr>\n<td style=\"width: 240.75px;\"><\/td>\n<td style=\"width: 141.641px; text-align: center;\">nee<\/td>\n<td style=\"width: 109.609px; text-align: center;\">ja<\/td>\n<\/tr>\n<tr>\n<td style=\"width: 240.75px;\"><\/td>\n<td style=\"width: 141.641px;\"><\/td>\n<td style=\"width: 109.609px;\"><\/td>\n<\/tr>\n<tr>\n<td style=\"width: 240.75px;\"><\/td>\n<td style=\"width: 141.641px; text-align: center;\"><strong>Aanpassen<\/strong><\/td>\n<td style=\"width: 109.609px;\"><\/td>\n<\/tr>\n<tr>\n<td style=\"width: 240.75px;\"><\/td>\n<td style=\"width: 141.641px; text-align: center;\">nee<\/td>\n<td style=\"width: 109.609px; text-align: center;\">ja<\/td>\n<\/tr>\n<tr>\n<td style=\"width: 240.75px;\"><\/td>\n<td style=\"width: 141.641px;\"><\/td>\n<td style=\"width: 109.609px;\"><\/td>\n<\/tr>\n<tr>\n<td style=\"width: 240.75px;\"><\/td>\n<td style=\"width: 141.641px; text-align: center;\"><strong>Annotatie<\/strong><\/td>\n<td style=\"width: 109.609px;\"><\/td>\n<\/tr>\n<tr>\n<td style=\"width: 240.75px;\"><\/td>\n<td style=\"width: 141.641px; text-align: center;\">nee<\/td>\n<td style=\"width: 109.609px; text-align: center;\">ja<\/td>\n<\/tr>\n<tr>\n<td style=\"width: 240.75px;\"><\/td>\n<td style=\"width: 141.641px;\"><\/td>\n<td style=\"width: 109.609px;\"><\/td>\n<\/tr>\n<tr>\n<td style=\"width: 240.75px;\"><\/td>\n<td style=\"width: 141.641px; text-align: center;\"><strong>Invoegen<\/strong><\/td>\n<td style=\"width: 109.609px;\"><\/td>\n<\/tr>\n<tr>\n<td style=\"width: 240.75px;\">Dwg-bestand invoegen<\/td>\n<td style=\"width: 141.641px; text-align: center;\">nee<\/td>\n<td style=\"width: 109.609px; text-align: center;\">ja<\/td>\n<\/tr>\n<tr>\n<td style=\"width: 240.75px;\">Blok invoegen uit huidige tekening<\/td>\n<td style=\"width: 141.641px; text-align: center;\">nee<\/td>\n<td style=\"width: 109.609px; text-align: center;\">ja<\/td>\n<\/tr>\n<tr>\n<td style=\"width: 240.75px;\">Blok invoegen uit andere tekeningen<\/td>\n<td style=\"width: 141.641px; text-align: center;\">nee<\/td>\n<td style=\"width: 109.609px; text-align: center;\">nee<\/td>\n<\/tr>\n<tr>\n<td style=\"width: 240.75px;\">Stijlen uit andere tekeningen invoegen<\/td>\n<td style=\"width: 141.641px; text-align: center;\">nee<\/td>\n<td style=\"width: 109.609px; text-align: center;\">nee<\/td>\n<\/tr>\n<tr>\n<td style=\"width: 240.75px;\">Dwg xref invoegen<\/td>\n<td style=\"width: 141.641px; text-align: center;\">nee<\/td>\n<td style=\"width: 109.609px; text-align: center;\">ja<\/td>\n<\/tr>\n<tr>\n<td style=\"width: 240.75px;\">Rasterafbeelding xref invoegen<\/td>\n<td style=\"width: 141.641px; text-align: center;\">nee<\/td>\n<td style=\"width: 109.609px; text-align: center;\">nee<\/td>\n<\/tr>\n<tr>\n<td style=\"width: 240.75px;\">Ole object invoegen<\/td>\n<td style=\"width: 141.641px; text-align: center;\">nee<\/td>\n<td style=\"width: 109.609px; text-align: center;\">nee<\/td>\n<\/tr>\n<tr>\n<td style=\"width: 240.75px;\">Blok invoegen vanuit ontwerpcentrum<\/td>\n<td style=\"width: 141.641px; text-align: center;\">nee<\/td>\n<td style=\"width: 109.609px; text-align: center;\">nee<\/td>\n<\/tr>\n<tr>\n<td style=\"width: 240.75px;\">Object binden uit ontwerpcentrum invoegen<\/td>\n<td style=\"width: 141.641px; text-align: center;\">nee<\/td>\n<td style=\"width: 109.609px; text-align: center;\">nee<\/td>\n<\/tr>\n<\/tbody>\n<\/table>\n<p>&nbsp;<\/p>\n<p>&nbsp;<\/p>\n<p><strong>Systeemvereisten<\/strong><\/p>\n<p>&#8211; Windows 11\/10\/7\/XP<br \/>\n&#8211; Window Server 2019\/2016\/2012\/2005\/64-bits<br \/>\n&#8211; 500MB schijfruimte of meer<br \/>\n&#8211; RAM 1024MB of meer, uitvoerbaar programma neemt 27Mb in beslag, geladen met een tekenbestand neemt meer RAM in beslag afhankelijk van de grootte van het tekenbestand.<\/p>\n<p>&nbsp;<\/p>\n","protected":false},"excerpt":{"rendered":"<p>DWGSee Viewer &amp; Editor<br \/>\nSneller dan ooit tekeningen bekijken en wijzigingen aanbrengen!<br \/>\nEen lichte en snelle DWG Viewer &amp; Editor, waarmee je eenvoudig DWG\/DXF\/DWF-bestanden kunt doorbladeren, bekijken, meten, markeren, wijzigen en afdrukken. Ondersteunt de nieuwste AutoCAD 2026 tekeningen.<\/p>\n<p>&nbsp;<\/p>\n","protected":false},"featured_media":5690,"comment_status":"closed","ping_status":"closed","template":"","meta":{"_et_pb_use_builder":"","_et_pb_old_content":"","_et_gb_content_width":""},"product_cat":[230],"product_tag":[],"class_list":{"0":"post-5695","1":"product","2":"type-product","3":"status-publish","4":"has-post-thumbnail","6":"product_cat-cad-nl","7":"pa_license-type-individual-nl","8":"pa_license-type-floating-user-nl","9":"pa_version-dwgsee-pro-nl","10":"pa_version-dwgsee-viewer-nl","12":"first","13":"instock","14":"taxable","15":"shipping-taxable","16":"purchasable","17":"product-type-variable","18":"has-default-attributes"},"yoast_head":"<!-- This site is optimized with the Yoast SEO plugin v24.4 - https:\/\/yoast.com\/wordpress\/plugins\/seo\/ -->\n<title>DWGSee 2026 Viewer &amp; Editor - CD &amp; E Distribution<\/title>\n<meta name=\"description\" content=\"DWGSee Viewer &amp; Editor 2026 the latest version of DWGSee is a light and fast viewer, designed to browse, view, edit, measure and print DWG\/DXF\/DWF files\" \/>\n<meta name=\"robots\" content=\"index, follow, max-snippet:-1, max-image-preview:large, max-video-preview:-1\" \/>\n<link rel=\"canonical\" href=\"https:\/\/cd-e.com\/nl\/product\/dwgsee-2026-viewer-editor\/\" \/>\n<meta property=\"og:locale\" content=\"nl_NL\" \/>\n<meta property=\"og:type\" content=\"article\" \/>\n<meta property=\"og:title\" content=\"DWGSee 2026 Viewer &amp; Editor - CD &amp; E Distribution\" \/>\n<meta property=\"og:description\" content=\"DWGSee Viewer &amp; Editor 2026 the latest version of DWGSee is a light and fast viewer, designed to browse, view, edit, measure and print DWG\/DXF\/DWF files\" \/>\n<meta property=\"og:url\" content=\"https:\/\/cd-e.com\/nl\/product\/dwgsee-2026-viewer-editor\/\" \/>\n<meta property=\"og:site_name\" content=\"CD &amp; E Distribution\" \/>\n<meta property=\"og:image\" content=\"https:\/\/cd-e.com\/assets\/uploads\/DWGSee-2026_box.png\" \/>\n\t<meta property=\"og:image:width\" content=\"536\" \/>\n\t<meta property=\"og:image:height\" content=\"536\" \/>\n\t<meta property=\"og:image:type\" content=\"image\/png\" \/>\n<meta name=\"twitter:card\" content=\"summary_large_image\" \/>\n<meta name=\"twitter:label1\" content=\"Geschatte leestijd\" \/>\n\t<meta name=\"twitter:data1\" content=\"4 minuten\" \/>\n<script type=\"application\/ld+json\" class=\"yoast-schema-graph\">{\"@context\":\"https:\/\/schema.org\",\"@graph\":[{\"@type\":\"WebPage\",\"@id\":\"https:\/\/cd-e.com\/nl\/product\/dwgsee-2026-viewer-editor\/\",\"url\":\"https:\/\/cd-e.com\/nl\/product\/dwgsee-2026-viewer-editor\/\",\"name\":\"DWGSee 2026 Viewer & Editor - CD &amp; E Distribution\",\"isPartOf\":{\"@id\":\"https:\/\/cd-e.com\/nl\/#website\"},\"primaryImageOfPage\":{\"@id\":\"https:\/\/cd-e.com\/nl\/product\/dwgsee-2026-viewer-editor\/#primaryimage\"},\"image\":{\"@id\":\"https:\/\/cd-e.com\/nl\/product\/dwgsee-2026-viewer-editor\/#primaryimage\"},\"thumbnailUrl\":\"https:\/\/cd-e.com\/assets\/uploads\/DWGSee-2026_box.png\",\"datePublished\":\"2025-05-14T21:03:35+00:00\",\"description\":\"DWGSee Viewer & Editor 2026 the latest version of DWGSee is a light and fast viewer, designed to browse, view, edit, measure and print DWG\/DXF\/DWF files\",\"breadcrumb\":{\"@id\":\"https:\/\/cd-e.com\/nl\/product\/dwgsee-2026-viewer-editor\/#breadcrumb\"},\"inLanguage\":\"nl-NL\",\"potentialAction\":[{\"@type\":\"ReadAction\",\"target\":[\"https:\/\/cd-e.com\/nl\/product\/dwgsee-2026-viewer-editor\/\"]}]},{\"@type\":\"ImageObject\",\"inLanguage\":\"nl-NL\",\"@id\":\"https:\/\/cd-e.com\/nl\/product\/dwgsee-2026-viewer-editor\/#primaryimage\",\"url\":\"https:\/\/cd-e.com\/assets\/uploads\/DWGSee-2026_box.png\",\"contentUrl\":\"https:\/\/cd-e.com\/assets\/uploads\/DWGSee-2026_box.png\",\"width\":536,\"height\":536,\"caption\":\"DWGSee Viewer & Editor 2026 DWGSee 2026 Viewer & Editor\"},{\"@type\":\"BreadcrumbList\",\"@id\":\"https:\/\/cd-e.com\/nl\/product\/dwgsee-2026-viewer-editor\/#breadcrumb\",\"itemListElement\":[{\"@type\":\"ListItem\",\"position\":1,\"name\":\"Home\",\"item\":\"https:\/\/cd-e.com\/nl\/\"},{\"@type\":\"ListItem\",\"position\":2,\"name\":\"Winkel\",\"item\":\"https:\/\/cd-e.com\/nl\/winkel\/\"},{\"@type\":\"ListItem\",\"position\":3,\"name\":\"DWGSee 2026 Viewer &#038; Editor\"}]},{\"@type\":\"WebSite\",\"@id\":\"https:\/\/cd-e.com\/nl\/#website\",\"url\":\"https:\/\/cd-e.com\/nl\/\",\"name\":\"CD &amp; E Distribution\",\"description\":\"\",\"publisher\":{\"@id\":\"https:\/\/cd-e.com\/nl\/#organization\"},\"potentialAction\":[{\"@type\":\"SearchAction\",\"target\":{\"@type\":\"EntryPoint\",\"urlTemplate\":\"https:\/\/cd-e.com\/nl\/?s={search_term_string}\"},\"query-input\":{\"@type\":\"PropertyValueSpecification\",\"valueRequired\":true,\"valueName\":\"search_term_string\"}}],\"inLanguage\":\"nl-NL\"},{\"@type\":\"Organization\",\"@id\":\"https:\/\/cd-e.com\/nl\/#organization\",\"name\":\"CD & E Distribution\",\"url\":\"https:\/\/cd-e.com\/nl\/\",\"logo\":{\"@type\":\"ImageObject\",\"inLanguage\":\"nl-NL\",\"@id\":\"https:\/\/cd-e.com\/nl\/#\/schema\/logo\/image\/\",\"url\":\"https:\/\/cd-e.com\/assets\/uploads\/Logo_CDE_wit.png\",\"contentUrl\":\"https:\/\/cd-e.com\/assets\/uploads\/Logo_CDE_wit.png\",\"width\":209,\"height\":65,\"caption\":\"CD & E Distribution\"},\"image\":{\"@id\":\"https:\/\/cd-e.com\/nl\/#\/schema\/logo\/image\/\"}}]}<\/script>\n<!-- \/ Yoast SEO plugin. -->","yoast_head_json":{"title":"DWGSee 2026 Viewer & Editor - CD &amp; E Distribution","description":"DWGSee Viewer & Editor 2026 the latest version of DWGSee is a light and fast viewer, designed to browse, view, edit, measure and print DWG\/DXF\/DWF files","robots":{"index":"index","follow":"follow","max-snippet":"max-snippet:-1","max-image-preview":"max-image-preview:large","max-video-preview":"max-video-preview:-1"},"canonical":"https:\/\/cd-e.com\/nl\/product\/dwgsee-2026-viewer-editor\/","og_locale":"nl_NL","og_type":"article","og_title":"DWGSee 2026 Viewer & Editor - CD &amp; E Distribution","og_description":"DWGSee Viewer & Editor 2026 the latest version of DWGSee is a light and fast viewer, designed to browse, view, edit, measure and print DWG\/DXF\/DWF files","og_url":"https:\/\/cd-e.com\/nl\/product\/dwgsee-2026-viewer-editor\/","og_site_name":"CD &amp; E Distribution","og_image":[{"width":536,"height":536,"url":"https:\/\/cd-e.com\/assets\/uploads\/DWGSee-2026_box.png","type":"image\/png"}],"twitter_card":"summary_large_image","twitter_misc":{"Geschatte leestijd":"4 minuten"},"schema":{"@context":"https:\/\/schema.org","@graph":[{"@type":"WebPage","@id":"https:\/\/cd-e.com\/nl\/product\/dwgsee-2026-viewer-editor\/","url":"https:\/\/cd-e.com\/nl\/product\/dwgsee-2026-viewer-editor\/","name":"DWGSee 2026 Viewer & Editor - CD &amp; E Distribution","isPartOf":{"@id":"https:\/\/cd-e.com\/nl\/#website"},"primaryImageOfPage":{"@id":"https:\/\/cd-e.com\/nl\/product\/dwgsee-2026-viewer-editor\/#primaryimage"},"image":{"@id":"https:\/\/cd-e.com\/nl\/product\/dwgsee-2026-viewer-editor\/#primaryimage"},"thumbnailUrl":"https:\/\/cd-e.com\/assets\/uploads\/DWGSee-2026_box.png","datePublished":"2025-05-14T21:03:35+00:00","description":"DWGSee Viewer & Editor 2026 the latest version of DWGSee is a light and fast viewer, designed to browse, view, edit, measure and print DWG\/DXF\/DWF files","breadcrumb":{"@id":"https:\/\/cd-e.com\/nl\/product\/dwgsee-2026-viewer-editor\/#breadcrumb"},"inLanguage":"nl-NL","potentialAction":[{"@type":"ReadAction","target":["https:\/\/cd-e.com\/nl\/product\/dwgsee-2026-viewer-editor\/"]}]},{"@type":"ImageObject","inLanguage":"nl-NL","@id":"https:\/\/cd-e.com\/nl\/product\/dwgsee-2026-viewer-editor\/#primaryimage","url":"https:\/\/cd-e.com\/assets\/uploads\/DWGSee-2026_box.png","contentUrl":"https:\/\/cd-e.com\/assets\/uploads\/DWGSee-2026_box.png","width":536,"height":536,"caption":"DWGSee Viewer & Editor 2026 DWGSee 2026 Viewer & Editor"},{"@type":"BreadcrumbList","@id":"https:\/\/cd-e.com\/nl\/product\/dwgsee-2026-viewer-editor\/#breadcrumb","itemListElement":[{"@type":"ListItem","position":1,"name":"Home","item":"https:\/\/cd-e.com\/nl\/"},{"@type":"ListItem","position":2,"name":"Winkel","item":"https:\/\/cd-e.com\/nl\/winkel\/"},{"@type":"ListItem","position":3,"name":"DWGSee 2026 Viewer &#038; Editor"}]},{"@type":"WebSite","@id":"https:\/\/cd-e.com\/nl\/#website","url":"https:\/\/cd-e.com\/nl\/","name":"CD &amp; E Distribution","description":"","publisher":{"@id":"https:\/\/cd-e.com\/nl\/#organization"},"potentialAction":[{"@type":"SearchAction","target":{"@type":"EntryPoint","urlTemplate":"https:\/\/cd-e.com\/nl\/?s={search_term_string}"},"query-input":{"@type":"PropertyValueSpecification","valueRequired":true,"valueName":"search_term_string"}}],"inLanguage":"nl-NL"},{"@type":"Organization","@id":"https:\/\/cd-e.com\/nl\/#organization","name":"CD & E Distribution","url":"https:\/\/cd-e.com\/nl\/","logo":{"@type":"ImageObject","inLanguage":"nl-NL","@id":"https:\/\/cd-e.com\/nl\/#\/schema\/logo\/image\/","url":"https:\/\/cd-e.com\/assets\/uploads\/Logo_CDE_wit.png","contentUrl":"https:\/\/cd-e.com\/assets\/uploads\/Logo_CDE_wit.png","width":209,"height":65,"caption":"CD & E Distribution"},"image":{"@id":"https:\/\/cd-e.com\/nl\/#\/schema\/logo\/image\/"}}]}},"_links":{"self":[{"href":"https:\/\/cd-e.com\/nl\/wp-json\/wp\/v2\/product\/5695","targetHints":{"allow":["GET"]}}],"collection":[{"href":"https:\/\/cd-e.com\/nl\/wp-json\/wp\/v2\/product"}],"about":[{"href":"https:\/\/cd-e.com\/nl\/wp-json\/wp\/v2\/types\/product"}],"replies":[{"embeddable":true,"href":"https:\/\/cd-e.com\/nl\/wp-json\/wp\/v2\/comments?post=5695"}],"wp:featuredmedia":[{"embeddable":true,"href":"https:\/\/cd-e.com\/nl\/wp-json\/wp\/v2\/media\/5690"}],"wp:attachment":[{"href":"https:\/\/cd-e.com\/nl\/wp-json\/wp\/v2\/media?parent=5695"}],"wp:term":[{"taxonomy":"product_cat","embeddable":true,"href":"https:\/\/cd-e.com\/nl\/wp-json\/wp\/v2\/product_cat?post=5695"},{"taxonomy":"product_tag","embeddable":true,"href":"https:\/\/cd-e.com\/nl\/wp-json\/wp\/v2\/product_tag?post=5695"}],"curies":[{"name":"wp","href":"https:\/\/api.w.org\/{rel}","templated":true}]}}