{"id":5834,"date":"2026-03-05T22:21:37","date_gmt":"2026-03-05T21:24:47","guid":{"rendered":"https:\/\/cd-e.com\/?post_type=product&#038;p=5834"},"modified":"2026-03-05T22:24:48","modified_gmt":"2026-03-05T21:24:48","slug":"acdsee-2026-photo-studio-home","status":"publish","type":"product","link":"https:\/\/cd-e.com\/nl\/product\/acdsee-2026-photo-studio-home\/","title":{"rendered":"ACDSee 2026 Photo Studio Home"},"content":{"rendered":"<p>&nbsp;<\/p>\n<p><strong>Wat is er nieuw in ACDSee 2026 Photo Studio Home<\/strong><\/p>\n<p>&nbsp;<\/p>\n<p><img loading=\"lazy\" decoding=\"async\" class=\"alignnone size-full wp-image-5826\" src=\"https:\/\/cd-e.com\/assets\/uploads\/Dehaze.png\" alt=\"ACDSee Photo Studio Home 2026 ACDSee Photo Studio 2026 Home\" width=\"738\" height=\"480\" srcset=\"https:\/\/cd-e.com\/assets\/uploads\/Dehaze.png 738w, https:\/\/cd-e.com\/assets\/uploads\/Dehaze-480x312.png 480w\" sizes=\"(min-width: 0px) and (max-width: 480px) 480px, (min-width: 481px) 738px, 100vw\" \/><\/p>\n<p>Dehaze<br \/>\nVerander een saai, dof beeld in een scherp, dimensionaal en levendig beeld met de Dehaze-tool. Door Dehaze toe te passen, worden diepte en levendigheid hersteld door de nevel, mist of rook te verwijderen, waardoor een rijker contrast, duidelijkere details en nauwkeurigere kleuren worden weergegeven. Dit is vooral handig voor landschapsfotografie, waarbij bergen in de verte, skylines van steden of natuurlijke vergezichten hun impact verliezen door nevel, maar het is even krachtig voor alledaagse foto&#8217;s die helderheid en kracht nodig hebben.<\/p>\n<p>&nbsp;<\/p>\n<p><img loading=\"lazy\" decoding=\"async\" class=\"alignnone size-full wp-image-5828\" src=\"https:\/\/cd-e.com\/assets\/uploads\/Face-Detection.png\" alt=\"ACDSee Photo Studio Home 2026 ACDSee Photo Studio 2026 Home\" width=\"736\" height=\"484\" srcset=\"https:\/\/cd-e.com\/assets\/uploads\/Face-Detection.png 736w, https:\/\/cd-e.com\/assets\/uploads\/Face-Detection-480x316.png 480w\" sizes=\"(min-width: 0px) and (max-width: 480px) 480px, (min-width: 481px) 736px, 100vw\" \/><\/p>\n<p>Verbeterde gezichtsherkenning en personenmodus<br \/>\nDankzij smallere gezichtslabels in de weergavemodus wordt niemand gemist bij het gebruik van AI-gezichtsherkenning op groepsfoto&#8217;s. Vind uw mensen sneller met nieuwe groeperingsopties in de personenmodus, de AI-gestuurde modus van ACDSee Photo Studio voor het identificeren en beheren van personen in uw portfolio. Wissel moeiteloos van modus, uw selectie blijft precies waar u deze hebt achtergelaten wanneer u tussen modi wisselt.<\/p>\n<p>Ondersteuning voor videometadata<br \/>\nUw videobestanden zijn nu naadloos ge\u00efntegreerd in uw workflow. Bekijk GPS-gegevens en standaardmetadata-velden in de standaardweergave van het deelvenster Eigenschappen, of verdiep u in de video- en audiostreams met de nieuwe weergave Alle videometadata. Met geavanceerd zoeken dat videospecifieke velden ondersteunt en veel nieuwe automatische categorie\u00ebn om uw videobestanden te doorzoeken, hebt u alles wat u nodig hebt om uw video&#8217;s op uw eigen manier te ordenen en te beheren.<\/p>\n<p>&nbsp;<\/p>\n<p><img loading=\"lazy\" decoding=\"async\" class=\"alignnone size-full wp-image-5830\" src=\"https:\/\/cd-e.com\/assets\/uploads\/Activity-Manager.png\" alt=\"ACDSee Photo Studio Home 2026 ACDSee Photo Studio 2026 Home\" width=\"597\" height=\"486\" srcset=\"https:\/\/cd-e.com\/assets\/uploads\/Activity-Manager.png 597w, https:\/\/cd-e.com\/assets\/uploads\/Activity-Manager-480x391.png 480w\" sizes=\"(min-width: 0px) and (max-width: 480px) 480px, (min-width: 481px) 597px, 100vw\" \/><\/p>\n<p>Uitgebreide Activity Manager<br \/>\nDankzij de vernieuwde Activity Manager hoeft u niet meer te wachten tot taken zijn voltooid. Door achtergrondverwerking kunt u gewoon doorwerken terwijl bewerkingen worden uitgevoerd. Met multithreading worden meerdere activiteiten tegelijkertijd uitgevoerd, zodat u batches foto&#8217;s kunt importeren, converteren en vergroten of verkleinen en gezichten kunt detecteren, zonder dat dit ten koste gaat van de snelheid. Volg de voortgang in realtime en ervaar een snellere, effici\u00ebntere workflow die is ontworpen voor grote volumes.<\/p>\n<p>ACDSee-startpagina<br \/>\nNeem de leiding over uw workflow vanaf het moment dat u ACDSee start. De nieuwe startpagina geeft u direct toegang tot essenti\u00eble tools. Ga naar Snel zoeken, filter uw foto&#8217;s met opties die u met \u00e9\u00e9n klik kunt selecteren, zoals Onlangs gewijzigd of Getagd, en voer veelvoorkomende taken uit, zoals afbeeldingen maken of importeren, duplicaten zoeken of bestanden catalogiseren, allemaal vanaf \u00e9\u00e9n scherm.<\/p>\n<p>Verbeterde ACDSee-tabbladen<br \/>\nGa verder waar u was gebleven. ACDSee-tabbladen kunnen nu uw geopende tabbladen tussen sessies bewaren, waardoor u eerdere zoekopdrachten en mapweergaven gemakkelijk kunt hervatten zonder opnieuw te beginnen.<\/p>\n<p>Verbeterde bestandsondersteuning<br \/>\nBreid uw bewerkings- en metagegevensopties uit met toegevoegde IPTC-metagegevensondersteuning voor JPEG XL (JXL) en AVIF-formaten.<\/p>\n<p>&nbsp;<\/p>\n<p><strong>Systeemvereisten<\/strong><\/p>\n<p>Om uw software te activeren, uw abonnementen te valideren of toegang te krijgen tot online diensten, hebt u een geldig e-mailadres en een internetverbinding nodig.<\/p>\n<p>Hardware<br \/>\n&#8211; Intel- of AMD-processor met 64-bits ondersteuning<br \/>\n&#8211; Intel i5-processor of beter aanbevolen<br \/>\n&#8211; 8 GB RAM (16 GB RAM of meer aanbevolen)<br \/>\n&#8211; DirectX 12-compatibele grafische kaart (functieniveau 12_0 of hoger)<br \/>\n&#8211; 2 GB videogeheugen (4 GB VRAM aanbevolen)<br \/>\n&#8211; Beeldschermresolutie van 1280 x 800 (1920 x 1080 aanbevolen)<br \/>\n&#8211; 5 GB beschikbare ruimte op de harde schijf<\/p>\n<p>Software<br \/>\n&#8211; Windows 10 (alleen 64-bits edities) en Windows 11<br \/>\n&#8211; Microsoft Edge<br \/>\n&#8211; Microsoft DirectX 12<br \/>\n&#8211; Windows Media Player 9.0<\/p>\n<p>&nbsp;<\/p>\n<p>&nbsp;<\/p>\n<p>&nbsp;<\/p>\n","protected":false},"excerpt":{"rendered":"<p>Overwin uw digitale rommel<br \/>\nBeheer uw fotocollectie met vertrouwen. ACDSee 2026 Photo Studio Home combineert slimme, lokaal aangestuurde kunstmatige intelligentie (AI) met betrouwbare bewerkings- en organisatiehulpmiddelen, zodat u volledige controle hebt over uw afbeeldingen en het beheer van uw foto&#8217;s intu\u00eftief, krachtig en helemaal van u is.<\/p>\n<p>&nbsp;<\/p>\n<p>&nbsp;<\/p>\n","protected":false},"featured_media":5833,"comment_status":"closed","ping_status":"closed","template":"","meta":{"_et_pb_use_builder":"","_et_pb_old_content":"","_et_gb_content_width":""},"product_cat":[236],"product_tag":[],"class_list":{"0":"post-5834","1":"product","2":"type-product","3":"status-publish","4":"has-post-thumbnail","6":"product_cat-foto","8":"first","9":"instock","10":"taxable","11":"shipping-taxable","12":"purchasable","13":"product-type-simple"},"yoast_head":"<!-- This site is optimized with the Yoast SEO plugin v24.4 - https:\/\/yoast.com\/wordpress\/plugins\/seo\/ -->\n<title>ACDSee 2026 Photo Studio Home - CD &amp; E Distribution<\/title>\n<meta name=\"description\" content=\"ACDSee Photo Studio Home 2026 the latest version with AI driven new features. Available as download at our website cd-e.com.\" \/>\n<meta name=\"robots\" content=\"index, follow, max-snippet:-1, max-image-preview:large, max-video-preview:-1\" \/>\n<link rel=\"canonical\" href=\"https:\/\/cd-e.com\/nl\/product\/acdsee-2026-photo-studio-home\/\" \/>\n<meta property=\"og:locale\" content=\"nl_NL\" \/>\n<meta property=\"og:type\" content=\"article\" \/>\n<meta property=\"og:title\" content=\"ACDSee 2026 Photo Studio Home - CD &amp; E Distribution\" \/>\n<meta property=\"og:description\" content=\"ACDSee Photo Studio Home 2026 the latest version with AI driven new features. Available as download at our website cd-e.com.\" \/>\n<meta property=\"og:url\" content=\"https:\/\/cd-e.com\/nl\/product\/acdsee-2026-photo-studio-home\/\" \/>\n<meta property=\"og:site_name\" content=\"CD &amp; E Distribution\" \/>\n<meta property=\"article:modified_time\" content=\"2026-03-05T21:24:48+00:00\" \/>\n<meta property=\"og:image\" content=\"https:\/\/cd-e.com\/assets\/uploads\/ACDSee2026-Home-box.png\" \/>\n\t<meta property=\"og:image:width\" content=\"1872\" \/>\n\t<meta property=\"og:image:height\" content=\"1872\" \/>\n\t<meta property=\"og:image:type\" content=\"image\/png\" \/>\n<meta name=\"twitter:card\" content=\"summary_large_image\" \/>\n<meta name=\"twitter:label1\" content=\"Geschatte leestijd\" \/>\n\t<meta name=\"twitter:data1\" content=\"4 minuten\" \/>\n<script type=\"application\/ld+json\" class=\"yoast-schema-graph\">{\"@context\":\"https:\/\/schema.org\",\"@graph\":[{\"@type\":\"WebPage\",\"@id\":\"https:\/\/cd-e.com\/nl\/product\/acdsee-2026-photo-studio-home\/\",\"url\":\"https:\/\/cd-e.com\/nl\/product\/acdsee-2026-photo-studio-home\/\",\"name\":\"ACDSee 2026 Photo Studio Home - CD &amp; E Distribution\",\"isPartOf\":{\"@id\":\"https:\/\/cd-e.com\/nl\/#website\"},\"primaryImageOfPage\":{\"@id\":\"https:\/\/cd-e.com\/nl\/product\/acdsee-2026-photo-studio-home\/#primaryimage\"},\"image\":{\"@id\":\"https:\/\/cd-e.com\/nl\/product\/acdsee-2026-photo-studio-home\/#primaryimage\"},\"thumbnailUrl\":\"https:\/\/cd-e.com\/assets\/uploads\/ACDSee2026-Home-box.png\",\"datePublished\":\"2026-03-05T21:24:47+00:00\",\"dateModified\":\"2026-03-05T21:24:48+00:00\",\"description\":\"ACDSee Photo Studio Home 2026 the latest version with AI driven new features. Available as download at our website cd-e.com.\",\"breadcrumb\":{\"@id\":\"https:\/\/cd-e.com\/nl\/product\/acdsee-2026-photo-studio-home\/#breadcrumb\"},\"inLanguage\":\"nl-NL\",\"potentialAction\":[{\"@type\":\"ReadAction\",\"target\":[\"https:\/\/cd-e.com\/nl\/product\/acdsee-2026-photo-studio-home\/\"]}]},{\"@type\":\"ImageObject\",\"inLanguage\":\"nl-NL\",\"@id\":\"https:\/\/cd-e.com\/nl\/product\/acdsee-2026-photo-studio-home\/#primaryimage\",\"url\":\"https:\/\/cd-e.com\/assets\/uploads\/ACDSee2026-Home-box.png\",\"contentUrl\":\"https:\/\/cd-e.com\/assets\/uploads\/ACDSee2026-Home-box.png\",\"width\":1872,\"height\":1872},{\"@type\":\"BreadcrumbList\",\"@id\":\"https:\/\/cd-e.com\/nl\/product\/acdsee-2026-photo-studio-home\/#breadcrumb\",\"itemListElement\":[{\"@type\":\"ListItem\",\"position\":1,\"name\":\"Home\",\"item\":\"https:\/\/cd-e.com\/nl\/\"},{\"@type\":\"ListItem\",\"position\":2,\"name\":\"Winkel\",\"item\":\"https:\/\/cd-e.com\/nl\/winkel\/\"},{\"@type\":\"ListItem\",\"position\":3,\"name\":\"ACDSee 2026 Photo Studio Home\"}]},{\"@type\":\"WebSite\",\"@id\":\"https:\/\/cd-e.com\/nl\/#website\",\"url\":\"https:\/\/cd-e.com\/nl\/\",\"name\":\"CD &amp; E Distribution\",\"description\":\"\",\"publisher\":{\"@id\":\"https:\/\/cd-e.com\/nl\/#organization\"},\"potentialAction\":[{\"@type\":\"SearchAction\",\"target\":{\"@type\":\"EntryPoint\",\"urlTemplate\":\"https:\/\/cd-e.com\/nl\/?s={search_term_string}\"},\"query-input\":{\"@type\":\"PropertyValueSpecification\",\"valueRequired\":true,\"valueName\":\"search_term_string\"}}],\"inLanguage\":\"nl-NL\"},{\"@type\":\"Organization\",\"@id\":\"https:\/\/cd-e.com\/nl\/#organization\",\"name\":\"CD & E Distribution\",\"url\":\"https:\/\/cd-e.com\/nl\/\",\"logo\":{\"@type\":\"ImageObject\",\"inLanguage\":\"nl-NL\",\"@id\":\"https:\/\/cd-e.com\/nl\/#\/schema\/logo\/image\/\",\"url\":\"https:\/\/cd-e.com\/assets\/uploads\/Logo_CDE_wit.png\",\"contentUrl\":\"https:\/\/cd-e.com\/assets\/uploads\/Logo_CDE_wit.png\",\"width\":209,\"height\":65,\"caption\":\"CD & E Distribution\"},\"image\":{\"@id\":\"https:\/\/cd-e.com\/nl\/#\/schema\/logo\/image\/\"}}]}<\/script>\n<!-- \/ Yoast SEO plugin. -->","yoast_head_json":{"title":"ACDSee 2026 Photo Studio Home - CD &amp; E Distribution","description":"ACDSee Photo Studio Home 2026 the latest version with AI driven new features. Available as download at our website cd-e.com.","robots":{"index":"index","follow":"follow","max-snippet":"max-snippet:-1","max-image-preview":"max-image-preview:large","max-video-preview":"max-video-preview:-1"},"canonical":"https:\/\/cd-e.com\/nl\/product\/acdsee-2026-photo-studio-home\/","og_locale":"nl_NL","og_type":"article","og_title":"ACDSee 2026 Photo Studio Home - CD &amp; E Distribution","og_description":"ACDSee Photo Studio Home 2026 the latest version with AI driven new features. Available as download at our website cd-e.com.","og_url":"https:\/\/cd-e.com\/nl\/product\/acdsee-2026-photo-studio-home\/","og_site_name":"CD &amp; E Distribution","article_modified_time":"2026-03-05T21:24:48+00:00","og_image":[{"width":1872,"height":1872,"url":"https:\/\/cd-e.com\/assets\/uploads\/ACDSee2026-Home-box.png","type":"image\/png"}],"twitter_card":"summary_large_image","twitter_misc":{"Geschatte leestijd":"4 minuten"},"schema":{"@context":"https:\/\/schema.org","@graph":[{"@type":"WebPage","@id":"https:\/\/cd-e.com\/nl\/product\/acdsee-2026-photo-studio-home\/","url":"https:\/\/cd-e.com\/nl\/product\/acdsee-2026-photo-studio-home\/","name":"ACDSee 2026 Photo Studio Home - CD &amp; E Distribution","isPartOf":{"@id":"https:\/\/cd-e.com\/nl\/#website"},"primaryImageOfPage":{"@id":"https:\/\/cd-e.com\/nl\/product\/acdsee-2026-photo-studio-home\/#primaryimage"},"image":{"@id":"https:\/\/cd-e.com\/nl\/product\/acdsee-2026-photo-studio-home\/#primaryimage"},"thumbnailUrl":"https:\/\/cd-e.com\/assets\/uploads\/ACDSee2026-Home-box.png","datePublished":"2026-03-05T21:24:47+00:00","dateModified":"2026-03-05T21:24:48+00:00","description":"ACDSee Photo Studio Home 2026 the latest version with AI driven new features. Available as download at our website cd-e.com.","breadcrumb":{"@id":"https:\/\/cd-e.com\/nl\/product\/acdsee-2026-photo-studio-home\/#breadcrumb"},"inLanguage":"nl-NL","potentialAction":[{"@type":"ReadAction","target":["https:\/\/cd-e.com\/nl\/product\/acdsee-2026-photo-studio-home\/"]}]},{"@type":"ImageObject","inLanguage":"nl-NL","@id":"https:\/\/cd-e.com\/nl\/product\/acdsee-2026-photo-studio-home\/#primaryimage","url":"https:\/\/cd-e.com\/assets\/uploads\/ACDSee2026-Home-box.png","contentUrl":"https:\/\/cd-e.com\/assets\/uploads\/ACDSee2026-Home-box.png","width":1872,"height":1872},{"@type":"BreadcrumbList","@id":"https:\/\/cd-e.com\/nl\/product\/acdsee-2026-photo-studio-home\/#breadcrumb","itemListElement":[{"@type":"ListItem","position":1,"name":"Home","item":"https:\/\/cd-e.com\/nl\/"},{"@type":"ListItem","position":2,"name":"Winkel","item":"https:\/\/cd-e.com\/nl\/winkel\/"},{"@type":"ListItem","position":3,"name":"ACDSee 2026 Photo Studio Home"}]},{"@type":"WebSite","@id":"https:\/\/cd-e.com\/nl\/#website","url":"https:\/\/cd-e.com\/nl\/","name":"CD &amp; E Distribution","description":"","publisher":{"@id":"https:\/\/cd-e.com\/nl\/#organization"},"potentialAction":[{"@type":"SearchAction","target":{"@type":"EntryPoint","urlTemplate":"https:\/\/cd-e.com\/nl\/?s={search_term_string}"},"query-input":{"@type":"PropertyValueSpecification","valueRequired":true,"valueName":"search_term_string"}}],"inLanguage":"nl-NL"},{"@type":"Organization","@id":"https:\/\/cd-e.com\/nl\/#organization","name":"CD & E Distribution","url":"https:\/\/cd-e.com\/nl\/","logo":{"@type":"ImageObject","inLanguage":"nl-NL","@id":"https:\/\/cd-e.com\/nl\/#\/schema\/logo\/image\/","url":"https:\/\/cd-e.com\/assets\/uploads\/Logo_CDE_wit.png","contentUrl":"https:\/\/cd-e.com\/assets\/uploads\/Logo_CDE_wit.png","width":209,"height":65,"caption":"CD & E Distribution"},"image":{"@id":"https:\/\/cd-e.com\/nl\/#\/schema\/logo\/image\/"}}]}},"_links":{"self":[{"href":"https:\/\/cd-e.com\/nl\/wp-json\/wp\/v2\/product\/5834","targetHints":{"allow":["GET"]}}],"collection":[{"href":"https:\/\/cd-e.com\/nl\/wp-json\/wp\/v2\/product"}],"about":[{"href":"https:\/\/cd-e.com\/nl\/wp-json\/wp\/v2\/types\/product"}],"replies":[{"embeddable":true,"href":"https:\/\/cd-e.com\/nl\/wp-json\/wp\/v2\/comments?post=5834"}],"wp:featuredmedia":[{"embeddable":true,"href":"https:\/\/cd-e.com\/nl\/wp-json\/wp\/v2\/media\/5833"}],"wp:attachment":[{"href":"https:\/\/cd-e.com\/nl\/wp-json\/wp\/v2\/media?parent=5834"}],"wp:term":[{"taxonomy":"product_cat","embeddable":true,"href":"https:\/\/cd-e.com\/nl\/wp-json\/wp\/v2\/product_cat?post=5834"},{"taxonomy":"product_tag","embeddable":true,"href":"https:\/\/cd-e.com\/nl\/wp-json\/wp\/v2\/product_tag?post=5834"}],"curies":[{"name":"wp","href":"https:\/\/api.w.org\/{rel}","templated":true}]}}