{"id":5856,"date":"2026-03-08T16:42:17","date_gmt":"2026-03-08T15:44:59","guid":{"rendered":"https:\/\/cd-e.com\/?post_type=product&#038;p=5856"},"modified":"2026-03-08T16:45:02","modified_gmt":"2026-03-08T15:45:02","slug":"acdsee-2026-photo-studio-ultimate","status":"publish","type":"product","link":"https:\/\/cd-e.com\/nl\/product\/acdsee-2026-photo-studio-ultimate\/","title":{"rendered":"ACDSee 2026 Photo Studio Ultimate"},"content":{"rendered":"<p>&nbsp;<\/p>\n<p><strong>Wat is er nieuw in ACDSee 2026 Photo Studio Ultimate<\/strong><\/p>\n<p>AI Denoise<br \/>\nAI Denoise maakt gebruik van geavanceerde machine learning om automatisch te detecteren waar pixelruis in uw foto&#8217;s moet worden verminderd, zodat de belangrijke details scherp blijven. Maak foto&#8217;s met een hoge ISO-waarde of korrelige kiekjes direct schoon, zodat uw afbeeldingen er natuurlijk en scherp uitzien en klaar zijn om te schitteren. Voer AI Denoise uit op een hele batch en bespaar tijd bij het bewerken, terwijl uw foto&#8217;s er schoon, gedetailleerd en levensecht uitzien.<\/p>\n<p>&nbsp;<\/p>\n<p><img loading=\"lazy\" decoding=\"async\" class=\"alignnone size-full wp-image-5848\" src=\"https:\/\/cd-e.com\/assets\/uploads\/AI-Hair-masking.png\" alt=\"ACDSee Photo Studio Ultimate 2026 ACDSee 2026 Photo Studio Ultimate\" width=\"737\" height=\"479\" srcset=\"https:\/\/cd-e.com\/assets\/uploads\/AI-Hair-masking.png 737w, https:\/\/cd-e.com\/assets\/uploads\/AI-Hair-masking-480x312.png 480w\" sizes=\"(min-width: 0px) and (max-width: 480px) 480px, (min-width: 481px) 737px, 100vw\" \/><\/p>\n<p>AI-haarmaskering<br \/>\nBespaar nog meer tijd bij het bewerken van uw foto&#8217;s door de intu\u00eftieve AI-haarmaskering van ACDSee met \u00e9\u00e9n muisklik haarselecties voor u te laten maken. Zo kunt u de kleur en belichting van een van de lastigste elementen in portretfotografie \u2013 het haar \u2013 aanpassen zonder dat dit invloed heeft op de rest van de afbeelding.<\/p>\n<p>AI-ontwikkelingsvoorinstellingen<br \/>\nIntelligente, niet-destructieve stijl binnen handbereik. AI-ontwikkelingsvoorinstellingen zijn een absolute gamechanger voor zowel hobby- als commerci\u00eble fotografen. Wanneer ze op een reeks foto&#8217;s worden toegepast, analyseert de AI elke afzonderlijke foto en past prachtige aanpassingen toe, waardoor u aanzienlijk minder tijd kwijt bent aan bewerken. Laat uw onderwerp opvallen, corrigeer de achtergrondverlichting of druk uw authentieke stijl op een hele catalogus met afbeeldingen met slechts een paar klikken.<\/p>\n<p>&nbsp;<\/p>\n<p><img loading=\"lazy\" decoding=\"async\" class=\"alignnone size-full wp-image-5850\" src=\"https:\/\/cd-e.com\/assets\/uploads\/AI-Face-edit.png\" alt=\"ACDSee Photo Studio Ultimate 2026 ACDSee 2026 Photo Studio Ultimate\" width=\"740\" height=\"480\" srcset=\"https:\/\/cd-e.com\/assets\/uploads\/AI-Face-edit.png 740w, https:\/\/cd-e.com\/assets\/uploads\/AI-Face-edit-480x311.png 480w\" sizes=\"(min-width: 0px) and (max-width: 480px) 480px, (min-width: 481px) 740px, 100vw\" \/><\/p>\n<p>Verbeterde AI Face Edit<br \/>\nRegel individuele haarkleur en helderheid met aanpassingen voor temperatuur, tint, verzadiging en meer in de nieuwe Hair Group die is toegevoegd aan AI Face Edit. Opties voor natuurlijke en onnatuurlijke haarkleuren geven je volledige creatieve vrijheid om organisch te blijven of maatschappelijke normen te doorbreken. Doe wat je wilt! Verwijder eenvoudig oneffenheden, niet de textuur, met de Splotch Removal-tool die is toegevoegd aan de Skin Group.<\/p>\n<p>Uitgebreide Activity Manager<br \/>\nDankzij de vernieuwde Activity Manager hoeft u niet meer te wachten tot taken zijn voltooid. Door achtergrondverwerking kunt u gewoon doorwerken terwijl bewerkingen worden uitgevoerd. Met multithreading kunnen meerdere activiteiten tegelijkertijd worden uitgevoerd, zodat u batches foto&#8217;s kunt importeren, exporteren (een van de meest gevraagde verbeteringen), converteren en vergroten of verkleinen, ontwikkelingsvoorinstellingen kunt toepassen en gezichten en trefwoorden kunt detecteren, zonder dat dit ten koste gaat van de snelheid. Volg de voortgang in realtime en ervaar een snellere, effici\u00ebntere workflow die is ontworpen voor grote volumes.<\/p>\n<p>ACDSee-startpagina<br \/>\nNeem de leiding over uw workflow vanaf het moment dat u ACDSee start. De nieuwe startpagina geeft u direct toegang tot essenti\u00eble tools. Ga naar Snel zoeken, filter uw foto&#8217;s met opties die u met \u00e9\u00e9n klik kunt selecteren, zoals Onlangs gewijzigd of Getagd, en voer veelvoorkomende taken uit, zoals afbeeldingen maken of importeren, duplicaten zoeken of bestanden catalogiseren \u2013 allemaal vanaf \u00e9\u00e9n scherm.<\/p>\n<p>&nbsp;<\/p>\n<p><strong>Systeemvereisten<\/strong><\/p>\n<p>Om uw software te activeren, uw abonnementen te valideren of toegang te krijgen tot online diensten, hebt u een geldig e-mailadres en een internetverbinding nodig.<\/p>\n<p>Hardware<br \/>\n&#8211; Intel- of AMD-processor met 64-bits ondersteuning<br \/>\n&#8211; Intel i5-processor of beter aanbevolen<br \/>\n&#8211; 8 GB RAM (16 GB RAM of meer aanbevolen)<br \/>\n&#8211; DirectX 12-compatibele grafische kaart (functieniveau 12_0 of hoger)<br \/>\n&#8211; 2 GB videogeheugen (4 GB VRAM aanbevolen)<br \/>\n&#8211; Beeldschermresolutie van 1280 x 800 (1920 x 1080 aanbevolen)<br \/>\n&#8211; 5 GB beschikbare ruimte op de harde schijf<\/p>\n<p>Software<br \/>\n&#8211; Windows 10 (alleen 64-bits edities) en Windows 11<br \/>\n&#8211; Microsoft Edge<br \/>\n&#8211; Microsoft DirectX 12<br \/>\n&#8211; Windows Media Player 9.0<\/p>\n<p>&nbsp;<\/p>\n<p>&nbsp;<\/p>\n","protected":false},"excerpt":{"rendered":"<p>Doe alles zonder krachtsinspanning<br \/>\nMaak van uw digitale activabeheer en fotobewerkingsworkflow een fluitje van een cent! Met ACDSee 2026 Photo Studio Ultimate bent u niet alleen bezig met bewerken en onderhouden, maar beheerst u uw digitale wereld met vertrouwen en gemak. Voel u gesterkt door het gebruik van functies met kunstmatige intelligentie (AI) om moeiteloos de meest complexe RAW-afbeeldingen te verfijnen, snel complexe bewerkingen met lagen uit te voeren en uw volledige bestandsarchief onder intelligente, intu\u00eftieve controle te houden.<\/p>\n<p>&nbsp;<\/p>\n<p>&nbsp;<\/p>\n","protected":false},"featured_media":5853,"comment_status":"closed","ping_status":"closed","template":"","meta":{"_et_pb_use_builder":"","_et_pb_old_content":"","_et_gb_content_width":""},"product_cat":[236],"product_tag":[],"class_list":{"0":"post-5856","1":"product","2":"type-product","3":"status-publish","4":"has-post-thumbnail","6":"product_cat-foto","8":"first","9":"instock","10":"taxable","11":"shipping-taxable","12":"purchasable","13":"product-type-variable","14":"has-default-attributes"},"yoast_head":"<!-- This site is optimized with the Yoast SEO plugin v24.4 - https:\/\/yoast.com\/wordpress\/plugins\/seo\/ -->\n<title>ACDSee 2026 Photo Studio Ultimate - CD &amp; E Distribution<\/title>\n<meta name=\"description\" content=\"ACDSee Photo Studio Ultimate 2026 the latest version of ACDSee Ultimate, packed with new AI tools and improved performance.\" \/>\n<meta name=\"robots\" content=\"index, follow, max-snippet:-1, max-image-preview:large, max-video-preview:-1\" \/>\n<link rel=\"canonical\" href=\"https:\/\/cd-e.com\/nl\/product\/acdsee-2026-photo-studio-ultimate\/\" \/>\n<meta property=\"og:locale\" content=\"nl_NL\" \/>\n<meta property=\"og:type\" content=\"article\" \/>\n<meta property=\"og:title\" content=\"ACDSee 2026 Photo Studio Ultimate - CD &amp; E Distribution\" \/>\n<meta property=\"og:description\" content=\"ACDSee Photo Studio Ultimate 2026 the latest version of ACDSee Ultimate, packed with new AI tools and improved performance.\" \/>\n<meta property=\"og:url\" content=\"https:\/\/cd-e.com\/nl\/product\/acdsee-2026-photo-studio-ultimate\/\" \/>\n<meta property=\"og:site_name\" content=\"CD &amp; E Distribution\" \/>\n<meta property=\"article:modified_time\" content=\"2026-03-08T15:45:02+00:00\" \/>\n<meta property=\"og:image\" content=\"https:\/\/cd-e.com\/assets\/uploads\/ACDSee2026-Ultimate-box.png\" \/>\n\t<meta property=\"og:image:width\" content=\"1875\" \/>\n\t<meta property=\"og:image:height\" content=\"1875\" \/>\n\t<meta property=\"og:image:type\" content=\"image\/png\" \/>\n<meta name=\"twitter:card\" content=\"summary_large_image\" \/>\n<meta name=\"twitter:label1\" content=\"Geschatte leestijd\" \/>\n\t<meta name=\"twitter:data1\" content=\"3 minuten\" \/>\n<script type=\"application\/ld+json\" class=\"yoast-schema-graph\">{\"@context\":\"https:\/\/schema.org\",\"@graph\":[{\"@type\":\"WebPage\",\"@id\":\"https:\/\/cd-e.com\/nl\/product\/acdsee-2026-photo-studio-ultimate\/\",\"url\":\"https:\/\/cd-e.com\/nl\/product\/acdsee-2026-photo-studio-ultimate\/\",\"name\":\"ACDSee 2026 Photo Studio Ultimate - CD &amp; E Distribution\",\"isPartOf\":{\"@id\":\"https:\/\/cd-e.com\/nl\/#website\"},\"primaryImageOfPage\":{\"@id\":\"https:\/\/cd-e.com\/nl\/product\/acdsee-2026-photo-studio-ultimate\/#primaryimage\"},\"image\":{\"@id\":\"https:\/\/cd-e.com\/nl\/product\/acdsee-2026-photo-studio-ultimate\/#primaryimage\"},\"thumbnailUrl\":\"https:\/\/cd-e.com\/assets\/uploads\/ACDSee2026-Ultimate-box.png\",\"datePublished\":\"2026-03-08T15:44:59+00:00\",\"dateModified\":\"2026-03-08T15:45:02+00:00\",\"description\":\"ACDSee Photo Studio Ultimate 2026 the latest version of ACDSee Ultimate, packed with new AI tools and improved performance.\",\"breadcrumb\":{\"@id\":\"https:\/\/cd-e.com\/nl\/product\/acdsee-2026-photo-studio-ultimate\/#breadcrumb\"},\"inLanguage\":\"nl-NL\",\"potentialAction\":[{\"@type\":\"ReadAction\",\"target\":[\"https:\/\/cd-e.com\/nl\/product\/acdsee-2026-photo-studio-ultimate\/\"]}]},{\"@type\":\"ImageObject\",\"inLanguage\":\"nl-NL\",\"@id\":\"https:\/\/cd-e.com\/nl\/product\/acdsee-2026-photo-studio-ultimate\/#primaryimage\",\"url\":\"https:\/\/cd-e.com\/assets\/uploads\/ACDSee2026-Ultimate-box.png\",\"contentUrl\":\"https:\/\/cd-e.com\/assets\/uploads\/ACDSee2026-Ultimate-box.png\",\"width\":1875,\"height\":1875,\"caption\":\"ACDSee Photo Studio Ultimate 2026 ACDSee 2026 Photo Studio Ultimate\"},{\"@type\":\"BreadcrumbList\",\"@id\":\"https:\/\/cd-e.com\/nl\/product\/acdsee-2026-photo-studio-ultimate\/#breadcrumb\",\"itemListElement\":[{\"@type\":\"ListItem\",\"position\":1,\"name\":\"Home\",\"item\":\"https:\/\/cd-e.com\/nl\/\"},{\"@type\":\"ListItem\",\"position\":2,\"name\":\"Winkel\",\"item\":\"https:\/\/cd-e.com\/nl\/winkel\/\"},{\"@type\":\"ListItem\",\"position\":3,\"name\":\"ACDSee 2026 Photo Studio Ultimate\"}]},{\"@type\":\"WebSite\",\"@id\":\"https:\/\/cd-e.com\/nl\/#website\",\"url\":\"https:\/\/cd-e.com\/nl\/\",\"name\":\"CD &amp; E Distribution\",\"description\":\"\",\"publisher\":{\"@id\":\"https:\/\/cd-e.com\/nl\/#organization\"},\"potentialAction\":[{\"@type\":\"SearchAction\",\"target\":{\"@type\":\"EntryPoint\",\"urlTemplate\":\"https:\/\/cd-e.com\/nl\/?s={search_term_string}\"},\"query-input\":{\"@type\":\"PropertyValueSpecification\",\"valueRequired\":true,\"valueName\":\"search_term_string\"}}],\"inLanguage\":\"nl-NL\"},{\"@type\":\"Organization\",\"@id\":\"https:\/\/cd-e.com\/nl\/#organization\",\"name\":\"CD & E Distribution\",\"url\":\"https:\/\/cd-e.com\/nl\/\",\"logo\":{\"@type\":\"ImageObject\",\"inLanguage\":\"nl-NL\",\"@id\":\"https:\/\/cd-e.com\/nl\/#\/schema\/logo\/image\/\",\"url\":\"https:\/\/cd-e.com\/assets\/uploads\/Logo_CDE_wit.png\",\"contentUrl\":\"https:\/\/cd-e.com\/assets\/uploads\/Logo_CDE_wit.png\",\"width\":209,\"height\":65,\"caption\":\"CD & E Distribution\"},\"image\":{\"@id\":\"https:\/\/cd-e.com\/nl\/#\/schema\/logo\/image\/\"}}]}<\/script>\n<!-- \/ Yoast SEO plugin. -->","yoast_head_json":{"title":"ACDSee 2026 Photo Studio Ultimate - CD &amp; E Distribution","description":"ACDSee Photo Studio Ultimate 2026 the latest version of ACDSee Ultimate, packed with new AI tools and improved performance.","robots":{"index":"index","follow":"follow","max-snippet":"max-snippet:-1","max-image-preview":"max-image-preview:large","max-video-preview":"max-video-preview:-1"},"canonical":"https:\/\/cd-e.com\/nl\/product\/acdsee-2026-photo-studio-ultimate\/","og_locale":"nl_NL","og_type":"article","og_title":"ACDSee 2026 Photo Studio Ultimate - CD &amp; E Distribution","og_description":"ACDSee Photo Studio Ultimate 2026 the latest version of ACDSee Ultimate, packed with new AI tools and improved performance.","og_url":"https:\/\/cd-e.com\/nl\/product\/acdsee-2026-photo-studio-ultimate\/","og_site_name":"CD &amp; E Distribution","article_modified_time":"2026-03-08T15:45:02+00:00","og_image":[{"width":1875,"height":1875,"url":"https:\/\/cd-e.com\/assets\/uploads\/ACDSee2026-Ultimate-box.png","type":"image\/png"}],"twitter_card":"summary_large_image","twitter_misc":{"Geschatte leestijd":"3 minuten"},"schema":{"@context":"https:\/\/schema.org","@graph":[{"@type":"WebPage","@id":"https:\/\/cd-e.com\/nl\/product\/acdsee-2026-photo-studio-ultimate\/","url":"https:\/\/cd-e.com\/nl\/product\/acdsee-2026-photo-studio-ultimate\/","name":"ACDSee 2026 Photo Studio Ultimate - CD &amp; E Distribution","isPartOf":{"@id":"https:\/\/cd-e.com\/nl\/#website"},"primaryImageOfPage":{"@id":"https:\/\/cd-e.com\/nl\/product\/acdsee-2026-photo-studio-ultimate\/#primaryimage"},"image":{"@id":"https:\/\/cd-e.com\/nl\/product\/acdsee-2026-photo-studio-ultimate\/#primaryimage"},"thumbnailUrl":"https:\/\/cd-e.com\/assets\/uploads\/ACDSee2026-Ultimate-box.png","datePublished":"2026-03-08T15:44:59+00:00","dateModified":"2026-03-08T15:45:02+00:00","description":"ACDSee Photo Studio Ultimate 2026 the latest version of ACDSee Ultimate, packed with new AI tools and improved performance.","breadcrumb":{"@id":"https:\/\/cd-e.com\/nl\/product\/acdsee-2026-photo-studio-ultimate\/#breadcrumb"},"inLanguage":"nl-NL","potentialAction":[{"@type":"ReadAction","target":["https:\/\/cd-e.com\/nl\/product\/acdsee-2026-photo-studio-ultimate\/"]}]},{"@type":"ImageObject","inLanguage":"nl-NL","@id":"https:\/\/cd-e.com\/nl\/product\/acdsee-2026-photo-studio-ultimate\/#primaryimage","url":"https:\/\/cd-e.com\/assets\/uploads\/ACDSee2026-Ultimate-box.png","contentUrl":"https:\/\/cd-e.com\/assets\/uploads\/ACDSee2026-Ultimate-box.png","width":1875,"height":1875,"caption":"ACDSee Photo Studio Ultimate 2026 ACDSee 2026 Photo Studio Ultimate"},{"@type":"BreadcrumbList","@id":"https:\/\/cd-e.com\/nl\/product\/acdsee-2026-photo-studio-ultimate\/#breadcrumb","itemListElement":[{"@type":"ListItem","position":1,"name":"Home","item":"https:\/\/cd-e.com\/nl\/"},{"@type":"ListItem","position":2,"name":"Winkel","item":"https:\/\/cd-e.com\/nl\/winkel\/"},{"@type":"ListItem","position":3,"name":"ACDSee 2026 Photo Studio Ultimate"}]},{"@type":"WebSite","@id":"https:\/\/cd-e.com\/nl\/#website","url":"https:\/\/cd-e.com\/nl\/","name":"CD &amp; E Distribution","description":"","publisher":{"@id":"https:\/\/cd-e.com\/nl\/#organization"},"potentialAction":[{"@type":"SearchAction","target":{"@type":"EntryPoint","urlTemplate":"https:\/\/cd-e.com\/nl\/?s={search_term_string}"},"query-input":{"@type":"PropertyValueSpecification","valueRequired":true,"valueName":"search_term_string"}}],"inLanguage":"nl-NL"},{"@type":"Organization","@id":"https:\/\/cd-e.com\/nl\/#organization","name":"CD & E Distribution","url":"https:\/\/cd-e.com\/nl\/","logo":{"@type":"ImageObject","inLanguage":"nl-NL","@id":"https:\/\/cd-e.com\/nl\/#\/schema\/logo\/image\/","url":"https:\/\/cd-e.com\/assets\/uploads\/Logo_CDE_wit.png","contentUrl":"https:\/\/cd-e.com\/assets\/uploads\/Logo_CDE_wit.png","width":209,"height":65,"caption":"CD & E Distribution"},"image":{"@id":"https:\/\/cd-e.com\/nl\/#\/schema\/logo\/image\/"}}]}},"_links":{"self":[{"href":"https:\/\/cd-e.com\/nl\/wp-json\/wp\/v2\/product\/5856","targetHints":{"allow":["GET"]}}],"collection":[{"href":"https:\/\/cd-e.com\/nl\/wp-json\/wp\/v2\/product"}],"about":[{"href":"https:\/\/cd-e.com\/nl\/wp-json\/wp\/v2\/types\/product"}],"replies":[{"embeddable":true,"href":"https:\/\/cd-e.com\/nl\/wp-json\/wp\/v2\/comments?post=5856"}],"wp:featuredmedia":[{"embeddable":true,"href":"https:\/\/cd-e.com\/nl\/wp-json\/wp\/v2\/media\/5853"}],"wp:attachment":[{"href":"https:\/\/cd-e.com\/nl\/wp-json\/wp\/v2\/media?parent=5856"}],"wp:term":[{"taxonomy":"product_cat","embeddable":true,"href":"https:\/\/cd-e.com\/nl\/wp-json\/wp\/v2\/product_cat?post=5856"},{"taxonomy":"product_tag","embeddable":true,"href":"https:\/\/cd-e.com\/nl\/wp-json\/wp\/v2\/product_tag?post=5856"}],"curies":[{"name":"wp","href":"https:\/\/api.w.org\/{rel}","templated":true}]}}